{"id":14415,"date":"2025-09-26T09:55:08","date_gmt":"2025-09-26T07:55:08","guid":{"rendered":"https:\/\/schmiertec.de\/produkt\/bez-kategorii\/pompa-centralnego-smarowania-lincoln-qls-301-standard\/"},"modified":"2025-09-26T09:55:08","modified_gmt":"2025-09-26T07:55:08","slug":"pompa-centralnego-smarowania-lincoln-qls-301-standard","status":"publish","type":"product","link":"https:\/\/schmiertec.de\/pl\/produkt\/smarowanie-smarem-stalym\/jednostki-centralnego-smarowania\/pompa-centralnego-smarowania-lincoln-qls-301-standard\/","title":{"rendered":"Pompa centralnego smarowania Lincoln QLS 301 Standard"},"content":{"rendered":"","protected":false},"excerpt":{"rendered":"<p>Pompa smaru Lincoln typu QLS 301 w wersji standardowej, tj. w konfiguracji, kt\u00f3ra jest najcz\u0119\u015bciej wymagana.<br \/>\nObejmuje to takie funkcje, jak:<br \/>\n- Ci\u015bnienie robocze: maks. 205 bar\u00f3w<br \/>\n- Ze wska\u017anikiem opr\u00f3\u017cnienia<br \/>\n- Standardowa pr\u0119dko\u015b\u0107 t\u0142oczenia: ok. 1 cm\u00b3\/min<br \/>\n- Zamontowany dystrybutor smaru SSV<br \/>\n- Smary: smary do NLGI II<br \/>\n- Temperatura robocza: -25 \u00b0C do 70 \u00b0C<br \/>\n- Spr\u0119\u017cynowa p\u0142yta popychacza<br \/>\n- Nape\u0142nianie przez smarowniczk\u0119<br \/>\n- Przy\u0142\u0105cza:<br \/>\n1 \u00d7 lewe do zasilania (V DC \/ V AC) wtyczka kostkowa; do zastosowa\u0144 przemys\u0142owych<br \/>\n1 \u00d7 prawe do zewn\u0119trznego monitorowania poziomu nape\u0142nienia (sygna\u0142 opr\u00f3\u017cnienia)<br \/>\nlub wska\u017anika awarii, wtyczka kostkowa; do zastosowa\u0144 przemys\u0142owych<br \/>\n- Wymiary: maks. 237 \u00d7 235 \u00d7 270 mm  <\/p>\n","protected":false},"featured_media":0,"template":"","meta":[],"product_brand":[],"product_cat":[1699,1223],"product_tag":[1701,1225,1227,1228,1705,1703,1709,1229,1711,1226,1707],"class_list":{"0":"post-14415","1":"product","2":"type-product","3":"status-publish","5":"product_cat-jednostki-centralnego-smarowania","6":"product_cat-smarowanie-smarem-stalym","7":"product_tag-automatyczne-smarowanie","8":"product_tag-centralne-smarowanie","9":"product_tag-centralny-system-smarowania","10":"product_tag-jednostka-centralnego-smarowania","11":"product_tag-pompa-lincoln","12":"product_tag-pompa-skf","13":"product_tag-pompa-smaru","14":"product_tag-smarowanie-lozysk","15":"product_tag-smarowanie-prowadnic-slizgowych","16":"product_tag-smarowanie-smarem-stalym","17":"product_tag-smarownica","18":"pa_spannung-12-vdc","19":"pa_spannung-230-vac","20":"pa_spannung-24-vdc","21":"pa_steuerung-bez","22":"pa_steuerung-z","24":"first","25":"instock","26":"sale","27":"taxable","28":"shipping-taxable","29":"purchasable","30":"product-type-variable"},"yoast_head":"<!-- This site is optimized with the Yoast SEO plugin v27.3 - https:\/\/yoast.com\/product\/yoast-seo-wordpress\/ -->\n<title>Pompa centralnego smarowania Lincoln QLS 301 Standard - SchmierTec<\/title>\n<meta name=\"robots\" content=\"index, follow, max-snippet:-1, max-image-preview:large, max-video-preview:-1\" \/>\n<link rel=\"canonical\" href=\"https:\/\/schmiertec.de\/pl\/produkt\/smarowanie-smarem-stalym\/jednostki-centralnego-smarowania\/pompa-centralnego-smarowania-lincoln-qls-301-standard\/\" \/>\n<meta property=\"og:locale\" content=\"pl_PL\" \/>\n<meta property=\"og:type\" content=\"article\" \/>\n<meta property=\"og:title\" content=\"Pompa centralnego smarowania Lincoln QLS 301 Standard - SchmierTec\" \/>\n<meta property=\"og:description\" content=\"Pompa smaru Lincoln typu QLS 301 w wersji standardowej, tj. w konfiguracji, kt\u00f3ra jest najcz\u0119\u015bciej wymagana. Obejmuje to takie funkcje, jak: - Ci\u015bnienie robocze: maks. 205 bar\u00f3w - Ze wska\u017anikiem opr\u00f3\u017cnienia - Standardowa pr\u0119dko\u015b\u0107 t\u0142oczenia: ok. 1 cm\u00b3\/min - Zamontowany dystrybutor smaru SSV - Smary: smary do NLGI II - Temperatura robocza: -25 \u00b0C do 70 \u00b0C - Spr\u0119\u017cynowa p\u0142yta popychacza - Nape\u0142nianie przez smarowniczk\u0119 - Przy\u0142\u0105cza: 1 \u00d7 lewe do zasilania (V DC \/ V AC) wtyczka kostkowa; do zastosowa\u0144 przemys\u0142owych 1 \u00d7 prawe do zewn\u0119trznego monitorowania poziomu nape\u0142nienia (sygna\u0142 opr\u00f3\u017cnienia) lub wska\u017anika awarii, wtyczka kostkowa; do zastosowa\u0144 przemys\u0142owych - Wymiary: maks. 237 \u00d7 235 \u00d7 270 mm\" \/>\n<meta property=\"og:url\" content=\"https:\/\/schmiertec.de\/pl\/produkt\/smarowanie-smarem-stalym\/jednostki-centralnego-smarowania\/pompa-centralnego-smarowania-lincoln-qls-301-standard\/\" \/>\n<meta property=\"og:site_name\" content=\"SchmierTec\" \/>\n<meta name=\"twitter:card\" content=\"summary_large_image\" \/>\n<script type=\"application\/ld+json\" class=\"yoast-schema-graph\">{\"@context\":\"https:\\\/\\\/schema.org\",\"@graph\":[{\"@type\":\"WebPage\",\"@id\":\"https:\\\/\\\/schmiertec.de\\\/pl\\\/produkt\\\/smarowanie-smarem-stalym\\\/jednostki-centralnego-smarowania\\\/pompa-centralnego-smarowania-lincoln-qls-301-standard\\\/\",\"url\":\"https:\\\/\\\/schmiertec.de\\\/pl\\\/produkt\\\/smarowanie-smarem-stalym\\\/jednostki-centralnego-smarowania\\\/pompa-centralnego-smarowania-lincoln-qls-301-standard\\\/\",\"name\":\"Pompa centralnego smarowania Lincoln QLS 301 Standard - SchmierTec\",\"isPartOf\":{\"@id\":\"https:\\\/\\\/schmiertec.de\\\/pl\\\/#website\"},\"datePublished\":\"2025-09-26T07:55:08+00:00\",\"breadcrumb\":{\"@id\":\"https:\\\/\\\/schmiertec.de\\\/pl\\\/produkt\\\/smarowanie-smarem-stalym\\\/jednostki-centralnego-smarowania\\\/pompa-centralnego-smarowania-lincoln-qls-301-standard\\\/#breadcrumb\"},\"inLanguage\":\"pl-PL\",\"potentialAction\":[{\"@type\":\"ReadAction\",\"target\":[\"https:\\\/\\\/schmiertec.de\\\/pl\\\/produkt\\\/smarowanie-smarem-stalym\\\/jednostki-centralnego-smarowania\\\/pompa-centralnego-smarowania-lincoln-qls-301-standard\\\/\"]}]},{\"@type\":\"BreadcrumbList\",\"@id\":\"https:\\\/\\\/schmiertec.de\\\/pl\\\/produkt\\\/smarowanie-smarem-stalym\\\/jednostki-centralnego-smarowania\\\/pompa-centralnego-smarowania-lincoln-qls-301-standard\\\/#breadcrumb\",\"itemListElement\":[{\"@type\":\"ListItem\",\"position\":1,\"name\":\"Startseite\",\"item\":\"https:\\\/\\\/schmiertec.de\\\/pl\\\/strona-glowna\\\/\"},{\"@type\":\"ListItem\",\"position\":2,\"name\":\"Produkty\",\"item\":\"https:\\\/\\\/schmiertec.de\\\/pl\\\/shop\\\/\"},{\"@type\":\"ListItem\",\"position\":3,\"name\":\"Pompa centralnego smarowania Lincoln QLS 301 Standard\"}]},{\"@type\":\"WebSite\",\"@id\":\"https:\\\/\\\/schmiertec.de\\\/pl\\\/#website\",\"url\":\"https:\\\/\\\/schmiertec.de\\\/pl\\\/\",\"name\":\"SchmierTec\",\"description\":\"Kettenschmierung und Zentralschmierung\",\"publisher\":{\"@id\":\"https:\\\/\\\/schmiertec.de\\\/pl\\\/#organization\"},\"potentialAction\":[{\"@type\":\"SearchAction\",\"target\":{\"@type\":\"EntryPoint\",\"urlTemplate\":\"https:\\\/\\\/schmiertec.de\\\/pl\\\/?s={search_term_string}\"},\"query-input\":{\"@type\":\"PropertyValueSpecification\",\"valueRequired\":true,\"valueName\":\"search_term_string\"}}],\"inLanguage\":\"pl-PL\"},{\"@type\":\"Organization\",\"@id\":\"https:\\\/\\\/schmiertec.de\\\/pl\\\/#organization\",\"name\":\"STW - Kim Friedrich GmbH\",\"alternateName\":\"SchmierTec\",\"url\":\"https:\\\/\\\/schmiertec.de\\\/pl\\\/\",\"logo\":{\"@type\":\"ImageObject\",\"inLanguage\":\"pl-PL\",\"@id\":\"https:\\\/\\\/schmiertec.de\\\/pl\\\/#\\\/schema\\\/logo\\\/image\\\/\",\"url\":\"https:\\\/\\\/schmiertec.de\\\/wp-content\\\/uploads\\\/2024\\\/01\\\/Logo_Startseite.png\",\"contentUrl\":\"https:\\\/\\\/schmiertec.de\\\/wp-content\\\/uploads\\\/2024\\\/01\\\/Logo_Startseite.png\",\"width\":1700,\"height\":1701,\"caption\":\"STW - Kim Friedrich GmbH\"},\"image\":{\"@id\":\"https:\\\/\\\/schmiertec.de\\\/pl\\\/#\\\/schema\\\/logo\\\/image\\\/\"}}]}<\/script>\n<!-- \/ Yoast SEO plugin. -->","yoast_head_json":{"title":"Pompa centralnego smarowania Lincoln QLS 301 Standard - SchmierTec","robots":{"index":"index","follow":"follow","max-snippet":"max-snippet:-1","max-image-preview":"max-image-preview:large","max-video-preview":"max-video-preview:-1"},"canonical":"https:\/\/schmiertec.de\/pl\/produkt\/smarowanie-smarem-stalym\/jednostki-centralnego-smarowania\/pompa-centralnego-smarowania-lincoln-qls-301-standard\/","og_locale":"pl_PL","og_type":"article","og_title":"Pompa centralnego smarowania Lincoln QLS 301 Standard - SchmierTec","og_description":"Pompa smaru Lincoln typu QLS 301 w wersji standardowej, tj. w konfiguracji, kt\u00f3ra jest najcz\u0119\u015bciej wymagana. Obejmuje to takie funkcje, jak: - Ci\u015bnienie robocze: maks. 205 bar\u00f3w - Ze wska\u017anikiem opr\u00f3\u017cnienia - Standardowa pr\u0119dko\u015b\u0107 t\u0142oczenia: ok. 1 cm\u00b3\/min - Zamontowany dystrybutor smaru SSV - Smary: smary do NLGI II - Temperatura robocza: -25 \u00b0C do 70 \u00b0C - Spr\u0119\u017cynowa p\u0142yta popychacza - Nape\u0142nianie przez smarowniczk\u0119 - Przy\u0142\u0105cza: 1 \u00d7 lewe do zasilania (V DC \/ V AC) wtyczka kostkowa; do zastosowa\u0144 przemys\u0142owych 1 \u00d7 prawe do zewn\u0119trznego monitorowania poziomu nape\u0142nienia (sygna\u0142 opr\u00f3\u017cnienia) lub wska\u017anika awarii, wtyczka kostkowa; do zastosowa\u0144 przemys\u0142owych - Wymiary: maks. 237 \u00d7 235 \u00d7 270 mm","og_url":"https:\/\/schmiertec.de\/pl\/produkt\/smarowanie-smarem-stalym\/jednostki-centralnego-smarowania\/pompa-centralnego-smarowania-lincoln-qls-301-standard\/","og_site_name":"SchmierTec","twitter_card":"summary_large_image","schema":{"@context":"https:\/\/schema.org","@graph":[{"@type":"WebPage","@id":"https:\/\/schmiertec.de\/pl\/produkt\/smarowanie-smarem-stalym\/jednostki-centralnego-smarowania\/pompa-centralnego-smarowania-lincoln-qls-301-standard\/","url":"https:\/\/schmiertec.de\/pl\/produkt\/smarowanie-smarem-stalym\/jednostki-centralnego-smarowania\/pompa-centralnego-smarowania-lincoln-qls-301-standard\/","name":"Pompa centralnego smarowania Lincoln QLS 301 Standard - SchmierTec","isPartOf":{"@id":"https:\/\/schmiertec.de\/pl\/#website"},"datePublished":"2025-09-26T07:55:08+00:00","breadcrumb":{"@id":"https:\/\/schmiertec.de\/pl\/produkt\/smarowanie-smarem-stalym\/jednostki-centralnego-smarowania\/pompa-centralnego-smarowania-lincoln-qls-301-standard\/#breadcrumb"},"inLanguage":"pl-PL","potentialAction":[{"@type":"ReadAction","target":["https:\/\/schmiertec.de\/pl\/produkt\/smarowanie-smarem-stalym\/jednostki-centralnego-smarowania\/pompa-centralnego-smarowania-lincoln-qls-301-standard\/"]}]},{"@type":"BreadcrumbList","@id":"https:\/\/schmiertec.de\/pl\/produkt\/smarowanie-smarem-stalym\/jednostki-centralnego-smarowania\/pompa-centralnego-smarowania-lincoln-qls-301-standard\/#breadcrumb","itemListElement":[{"@type":"ListItem","position":1,"name":"Startseite","item":"https:\/\/schmiertec.de\/pl\/strona-glowna\/"},{"@type":"ListItem","position":2,"name":"Produkty","item":"https:\/\/schmiertec.de\/pl\/shop\/"},{"@type":"ListItem","position":3,"name":"Pompa centralnego smarowania Lincoln QLS 301 Standard"}]},{"@type":"WebSite","@id":"https:\/\/schmiertec.de\/pl\/#website","url":"https:\/\/schmiertec.de\/pl\/","name":"SchmierTec","description":"Kettenschmierung und Zentralschmierung","publisher":{"@id":"https:\/\/schmiertec.de\/pl\/#organization"},"potentialAction":[{"@type":"SearchAction","target":{"@type":"EntryPoint","urlTemplate":"https:\/\/schmiertec.de\/pl\/?s={search_term_string}"},"query-input":{"@type":"PropertyValueSpecification","valueRequired":true,"valueName":"search_term_string"}}],"inLanguage":"pl-PL"},{"@type":"Organization","@id":"https:\/\/schmiertec.de\/pl\/#organization","name":"STW - Kim Friedrich GmbH","alternateName":"SchmierTec","url":"https:\/\/schmiertec.de\/pl\/","logo":{"@type":"ImageObject","inLanguage":"pl-PL","@id":"https:\/\/schmiertec.de\/pl\/#\/schema\/logo\/image\/","url":"https:\/\/schmiertec.de\/wp-content\/uploads\/2024\/01\/Logo_Startseite.png","contentUrl":"https:\/\/schmiertec.de\/wp-content\/uploads\/2024\/01\/Logo_Startseite.png","width":1700,"height":1701,"caption":"STW - Kim Friedrich GmbH"},"image":{"@id":"https:\/\/schmiertec.de\/pl\/#\/schema\/logo\/image\/"}}]}},"_links":{"self":[{"href":"https:\/\/schmiertec.de\/pl\/wp-json\/wp\/v2\/product\/14415","targetHints":{"allow":["GET"]}}],"collection":[{"href":"https:\/\/schmiertec.de\/pl\/wp-json\/wp\/v2\/product"}],"about":[{"href":"https:\/\/schmiertec.de\/pl\/wp-json\/wp\/v2\/types\/product"}],"version-history":[{"count":0,"href":"https:\/\/schmiertec.de\/pl\/wp-json\/wp\/v2\/product\/14415\/revisions"}],"wp:attachment":[{"href":"https:\/\/schmiertec.de\/pl\/wp-json\/wp\/v2\/media?parent=14415"}],"wp:term":[{"taxonomy":"product_brand","embeddable":true,"href":"https:\/\/schmiertec.de\/pl\/wp-json\/wp\/v2\/product_brand?post=14415"},{"taxonomy":"product_cat","embeddable":true,"href":"https:\/\/schmiertec.de\/pl\/wp-json\/wp\/v2\/product_cat?post=14415"},{"taxonomy":"product_tag","embeddable":true,"href":"https:\/\/schmiertec.de\/pl\/wp-json\/wp\/v2\/product_tag?post=14415"}],"curies":[{"name":"wp","href":"https:\/\/api.w.org\/{rel}","templated":true}]}}