{"id":16028,"date":"2026-02-18T18:17:37","date_gmt":"2026-02-18T16:17:37","guid":{"rendered":"https:\/\/schmiertec.de\/smarowanie-minimalna-iloscia\/"},"modified":"2026-02-18T20:10:18","modified_gmt":"2026-02-18T18:10:18","slug":"smarowanie-minimalna-iloscia","status":"publish","type":"page","link":"https:\/\/schmiertec.de\/pl\/smarowanie-minimalna-iloscia\/","title":{"rendered":"Smarowanie minimaln\u0105 ilo\u015bci\u0105"},"content":{"rendered":"\t\t<div data-elementor-type=\"wp-page\" data-elementor-id=\"16028\" class=\"elementor elementor-16028 elementor-16021\" data-elementor-post-type=\"page\">\n\t\t\t\t<div class=\"elementor-element elementor-element-17f95fd3 e-flex e-con-boxed e-con e-parent\" data-id=\"17f95fd3\" data-element_type=\"container\" data-e-type=\"container\" id=\"kettenschmiergeraete\" data-settings=\"{&quot;background_background&quot;:&quot;classic&quot;}\">\n\t\t\t\t\t<div class=\"e-con-inner\">\n\t\t\t\t<div class=\"elementor-element elementor-element-68b08a10 elementor-widget elementor-widget-heading\" data-id=\"68b08a10\" data-element_type=\"widget\" data-e-type=\"widget\" data-widget_type=\"heading.default\">\n\t\t\t\t<div class=\"elementor-widget-container\">\n\t\t\t\t\t<h1 class=\"elementor-heading-title elementor-size-default\">Minimalna ilo\u015b\u0107 smarowania z STW<\/h1>\t\t\t\t<\/div>\n\t\t\t\t<\/div>\n\t\t\t\t<div class=\"elementor-element elementor-element-40de3b41 elementor-widget elementor-widget-text-editor\" data-id=\"40de3b41\" data-element_type=\"widget\" data-e-type=\"widget\" data-widget_type=\"text-editor.default\">\n\t\t\t\t<div class=\"elementor-widget-container\">\n\t\t\t\t\t\t\t\t\t<p>Nak\u0142adanie najmniejszych ilo\u015bci \u015brodka smarnego na punkt smarowania bez kontaktu, precyzyjnie i powtarzalnie. Jest to definicja smarowania minimaln\u0105 ilo\u015bci\u0105.  Jaki jest najlepszy spos\u00f3b na spe\u0142nienie tych wymaga\u0144? Za pomoc\u0105 dwusk\u0142adnikowych dysz rozpylaj\u0105cych w po\u0142\u0105czeniu z pompami mikrodozuj\u0105cymi.  Tylko taka konstrukcja system\u00f3w smarowania minimaln\u0105 ilo\u015bci\u0105 smaru pozwala na pe\u0142n\u0105 kontrol\u0119 nad nat\u0119\u017ceniem przep\u0142ywu, poniewa\u017c ka\u017cdy pojedynczy skok t\u0142oka mo\u017ce by\u0107 regulowany pod wzgl\u0119dem dozowanej obj\u0119to\u015bci i pr\u0119dko\u015bci cyklu.  <\/p>\t\t\t\t\t\t\t\t<\/div>\n\t\t\t\t<\/div>\n\t\t\t\t\t<\/div>\n\t\t\t\t<\/div>\n\t\t<div class=\"elementor-element elementor-element-121cecbd e-flex e-con-boxed e-con e-parent\" data-id=\"121cecbd\" data-element_type=\"container\" data-e-type=\"container\">\n\t\t\t\t\t<div class=\"e-con-inner\">\n\t\t<div class=\"elementor-element elementor-element-58952642 e-con-full e-flex e-con e-child\" data-id=\"58952642\" data-element_type=\"container\" data-e-type=\"container\">\n\t\t\t\t<div class=\"elementor-element elementor-element-63df7542 elementor-widget elementor-widget-heading\" data-id=\"63df7542\" data-element_type=\"widget\" data-e-type=\"widget\" data-widget_type=\"heading.default\">\n\t\t\t\t<div class=\"elementor-widget-container\">\n\t\t\t\t\t<h2 class=\"elementor-heading-title elementor-size-default\">MDS.30-Eco<br>Opryskiwacz o minimalnej obj\u0119to\u015bci<\/h2>\t\t\t\t<\/div>\n\t\t\t\t<\/div>\n\t\t\t\t<\/div>\n\t\t<div class=\"elementor-element elementor-element-27fce108 e-con-full e-flex e-con e-child\" data-id=\"27fce108\" data-element_type=\"container\" data-e-type=\"container\" data-settings=\"{&quot;background_background&quot;:&quot;classic&quot;}\">\n\t\t<a class=\"elementor-element elementor-element-aa75e5c e-con-full e-flex e-con e-child\" data-id=\"aa75e5c\" data-element_type=\"container\" data-e-type=\"container\" data-settings=\"{&quot;background_background&quot;:&quot;classic&quot;}\" href=\"https:\/\/schmiertec.de\/produkt\/oelschmierung-2\/minimalmengenschmierung\/minimalmengenschmierung-mds-eco\/\">\n\t\t\t\t<div class=\"elementor-element elementor-element-5c477b03 elementor-widget elementor-widget-image\" data-id=\"5c477b03\" data-element_type=\"widget\" data-e-type=\"widget\" data-widget_type=\"image.default\">\n\t\t\t\t<div class=\"elementor-widget-container\">\n\t\t\t\t\t\t\t\t\t\t\t\t\t\t\t<img loading=\"lazy\" decoding=\"async\" width=\"748\" height=\"748\" src=\"https:\/\/schmiertec.de\/wp-content\/uploads\/2026\/02\/Minimalmengenschmierung_MDS-30_M30.webp\" class=\"attachment-large size-large wp-image-13099\" alt=\"Minimalna ilo\u015b\u0107 smaru\" srcset=\"https:\/\/schmiertec.de\/wp-content\/uploads\/2026\/02\/Minimalmengenschmierung_MDS-30_M30.webp 748w, https:\/\/schmiertec.de\/wp-content\/uploads\/2026\/02\/Minimalmengenschmierung_MDS-30_M30-300x300.webp 300w, https:\/\/schmiertec.de\/wp-content\/uploads\/2026\/02\/Minimalmengenschmierung_MDS-30_M30-150x150.webp 150w, https:\/\/schmiertec.de\/wp-content\/uploads\/2026\/02\/Minimalmengenschmierung_MDS-30_M30-600x600.webp 600w, https:\/\/schmiertec.de\/wp-content\/uploads\/2026\/02\/Minimalmengenschmierung_MDS-30_M30-100x100.webp 100w, https:\/\/schmiertec.de\/wp-content\/uploads\/2026\/02\/Minimalmengenschmierung_MDS-30_M30-64x64.webp 64w\" sizes=\"auto, (max-width: 748px) 100vw, 748px\" \/>\t\t\t\t\t\t\t\t\t\t\t\t\t\t\t<\/div>\n\t\t\t\t<\/div>\n\t\t\t\t<div class=\"elementor-element elementor-element-65b8ca70 elementor-widget elementor-widget-heading\" data-id=\"65b8ca70\" data-element_type=\"widget\" data-e-type=\"widget\" data-widget_type=\"heading.default\">\n\t\t\t\t<div class=\"elementor-widget-container\">\n\t\t\t\t\t<h2 class=\"elementor-heading-title elementor-size-default\">Zestaw podstawowy VAK-LH 1\/8\"\n\u015arednica nominalna \u00d83<\/h2>\t\t\t\t<\/div>\n\t\t\t\t<\/div>\n\t\t\t\t<div class=\"elementor-element elementor-element-23254bdb elementor-widget elementor-widget-text-editor\" data-id=\"23254bdb\" data-element_type=\"widget\" data-e-type=\"widget\" data-widget_type=\"text-editor.default\">\n\t\t\t\t<div class=\"elementor-widget-container\">\n\t\t\t\t\t\t\t\t\t<p>Ekonomiczny zestaw podstawowy do rozpocz\u0119cia pracy z systemem VAK &#8222;LockedHard&#8221; od<br>SCHMIERTECHNIKWERK<\/p>\t\t\t\t\t\t\t\t<\/div>\n\t\t\t\t<\/div>\n\t\t\t\t<\/a>\n\t\t\t\t<\/div>\n\t\t\t\t\t<\/div>\n\t\t\t\t<\/div>\n\t\t<div class=\"elementor-element elementor-element-66e82b99 e-flex e-con-boxed e-con e-parent\" data-id=\"66e82b99\" data-element_type=\"container\" data-e-type=\"container\">\n\t\t\t\t\t<div class=\"e-con-inner\">\n\t\t<div class=\"elementor-element elementor-element-336aec28 e-con-full e-flex e-con e-child\" data-id=\"336aec28\" data-element_type=\"container\" data-e-type=\"container\">\n\t\t\t\t<div class=\"elementor-element elementor-element-6c3b92ed elementor-widget elementor-widget-heading\" data-id=\"6c3b92ed\" data-element_type=\"widget\" data-e-type=\"widget\" data-widget_type=\"heading.default\">\n\t\t\t\t<div class=\"elementor-widget-container\">\n\t\t\t\t\t<h2 class=\"elementor-heading-title elementor-size-default\">Dwusk\u0142adnikowe dysze rozpylaj\u0105ce<br>dla minimalnej ilo\u015bci smarowania<\/h2>\t\t\t\t<\/div>\n\t\t\t\t<\/div>\n\t\t<div class=\"elementor-element elementor-element-7e36bf1 e-con-full e-flex e-con e-child\" data-id=\"7e36bf1\" data-element_type=\"container\" data-e-type=\"container\" data-settings=\"{&quot;background_background&quot;:&quot;classic&quot;}\">\n\t\t<a class=\"elementor-element elementor-element-17d795d2 e-con-full e-flex e-con e-child\" data-id=\"17d795d2\" data-element_type=\"container\" data-e-type=\"container\" data-settings=\"{&quot;background_background&quot;:&quot;classic&quot;}\" href=\"https:\/\/schmiertec.de\/produkt\/kuehlmittelschlauch\/vak-1-4-lh-flachstrahlduese-fsd41\/\">\n\t\t\t\t<div class=\"elementor-element elementor-element-a9b426 elementor-widget elementor-widget-image\" data-id=\"a9b426\" data-element_type=\"widget\" data-e-type=\"widget\" data-widget_type=\"image.default\">\n\t\t\t\t<div class=\"elementor-widget-container\">\n\t\t\t\t\t\t\t\t\t\t\t\t\t\t\t<img loading=\"lazy\" decoding=\"async\" width=\"567\" height=\"567\" src=\"https:\/\/schmiertec.de\/wp-content\/uploads\/2026\/01\/Kuehlmittelschlauch-Flachstrahlduese_FSD41.webp\" class=\"attachment-large size-large wp-image-12710\" alt=\"Dysza p\u0142askostrumieniowa ze stali nierdzewnej\" srcset=\"https:\/\/schmiertec.de\/wp-content\/uploads\/2026\/01\/Kuehlmittelschlauch-Flachstrahlduese_FSD41.webp 567w, https:\/\/schmiertec.de\/wp-content\/uploads\/2026\/01\/Kuehlmittelschlauch-Flachstrahlduese_FSD41-300x300.webp 300w, https:\/\/schmiertec.de\/wp-content\/uploads\/2026\/01\/Kuehlmittelschlauch-Flachstrahlduese_FSD41-150x150.webp 150w, https:\/\/schmiertec.de\/wp-content\/uploads\/2026\/01\/Kuehlmittelschlauch-Flachstrahlduese_FSD41-100x100.webp 100w, https:\/\/schmiertec.de\/wp-content\/uploads\/2026\/01\/Kuehlmittelschlauch-Flachstrahlduese_FSD41-64x64.webp 64w\" sizes=\"auto, (max-width: 567px) 100vw, 567px\" \/>\t\t\t\t\t\t\t\t\t\t\t\t\t\t\t<\/div>\n\t\t\t\t<\/div>\n\t\t\t\t<div class=\"elementor-element elementor-element-57013d59 elementor-widget elementor-widget-heading\" data-id=\"57013d59\" data-element_type=\"widget\" data-e-type=\"widget\" data-widget_type=\"heading.default\">\n\t\t\t\t<div class=\"elementor-widget-container\">\n\t\t\t\t\t<h2 class=\"elementor-heading-title elementor-size-default\">Dysza p\u0142askostrumieniowa<br>Szeroko\u015b\u0107 41<\/h2>\t\t\t\t<\/div>\n\t\t\t\t<\/div>\n\t\t\t\t<\/a>\n\t\t<a class=\"elementor-element elementor-element-751e4965 e-con-full e-flex e-con e-child\" data-id=\"751e4965\" data-element_type=\"container\" data-e-type=\"container\" data-settings=\"{&quot;background_background&quot;:&quot;classic&quot;}\" href=\"https:\/\/schmiertec.de\/produkt\/kuehlmittelschlauch\/vak-1-4-lh-flachstrahlduese-fsd64\/\">\n\t\t\t\t<div class=\"elementor-element elementor-element-4c1bf917 elementor-widget elementor-widget-image\" data-id=\"4c1bf917\" data-element_type=\"widget\" data-e-type=\"widget\" data-widget_type=\"image.default\">\n\t\t\t\t<div class=\"elementor-widget-container\">\n\t\t\t\t\t\t\t\t\t\t\t\t\t\t\t<img loading=\"lazy\" decoding=\"async\" width=\"567\" height=\"567\" src=\"https:\/\/schmiertec.de\/wp-content\/uploads\/2026\/01\/Kuehlmittelschlauch-Flachstrahlduese_FSD64.webp\" class=\"attachment-large size-large wp-image-12698\" alt=\"W\u0105\u017c p\u0142ynu ch\u0142odz\u0105cego Dysza p\u0142askostrumieniowa\" srcset=\"https:\/\/schmiertec.de\/wp-content\/uploads\/2026\/01\/Kuehlmittelschlauch-Flachstrahlduese_FSD64.webp 567w, https:\/\/schmiertec.de\/wp-content\/uploads\/2026\/01\/Kuehlmittelschlauch-Flachstrahlduese_FSD64-300x300.webp 300w, https:\/\/schmiertec.de\/wp-content\/uploads\/2026\/01\/Kuehlmittelschlauch-Flachstrahlduese_FSD64-150x150.webp 150w, https:\/\/schmiertec.de\/wp-content\/uploads\/2026\/01\/Kuehlmittelschlauch-Flachstrahlduese_FSD64-100x100.webp 100w, https:\/\/schmiertec.de\/wp-content\/uploads\/2026\/01\/Kuehlmittelschlauch-Flachstrahlduese_FSD64-64x64.webp 64w\" sizes=\"auto, (max-width: 567px) 100vw, 567px\" \/>\t\t\t\t\t\t\t\t\t\t\t\t\t\t\t<\/div>\n\t\t\t\t<\/div>\n\t\t\t\t<div class=\"elementor-element elementor-element-4518694f elementor-widget elementor-widget-heading\" data-id=\"4518694f\" data-element_type=\"widget\" data-e-type=\"widget\" data-widget_type=\"heading.default\">\n\t\t\t\t<div class=\"elementor-widget-container\">\n\t\t\t\t\t<h2 class=\"elementor-heading-title elementor-size-default\">Dysza p\u0142askostrumieniowa<br>Szeroko\u015b\u0107 64<\/h2>\t\t\t\t<\/div>\n\t\t\t\t<\/div>\n\t\t\t\t<\/a>\n\t\t\t\t<\/div>\n\t\t\t\t<\/div>\n\t\t\t\t\t<\/div>\n\t\t\t\t<\/div>\n\t\t\t\t<\/div>\n\t\t","protected":false},"excerpt":{"rendered":"<p>Minimalna ilo\u015b\u0107 smarowania z STW Nak\u0142adanie najmniejszych ilo\u015bci \u015brodka smarnego na punkt smarowania bez kontaktu, precyzyjnie i powtarzalnie. Jest to definicja smarowania minimaln\u0105 ilo\u015bci\u0105. Jaki jest najlepszy spos\u00f3b na spe\u0142nienie tych wymaga\u0144? Za pomoc\u0105 dwusk\u0142adnikowych dysz rozpylaj\u0105cych w po\u0142\u0105czeniu z pompami mikrodozuj\u0105cymi. Tylko taka konstrukcja system\u00f3w smarowania minimaln\u0105 ilo\u015bci\u0105 smaru pozwala na pe\u0142n\u0105 kontrol\u0119 nad [&hellip;]<\/p>\n","protected":false},"author":1,"featured_media":0,"parent":0,"menu_order":0,"comment_status":"closed","ping_status":"closed","template":"","meta":{"footnotes":""},"class_list":["post-16028","page","type-page","status-publish","hentry"],"yoast_head":"<!-- This site is optimized with the Yoast SEO plugin v27.3 - https:\/\/yoast.com\/product\/yoast-seo-wordpress\/ -->\n<title>Smarowanie minimaln\u0105 ilo\u015bci\u0105 - SchmierTec<\/title>\n<meta name=\"robots\" content=\"index, follow, max-snippet:-1, max-image-preview:large, max-video-preview:-1\" \/>\n<link rel=\"canonical\" href=\"https:\/\/schmiertec.de\/pl\/smarowanie-minimalna-iloscia\/\" \/>\n<meta property=\"og:locale\" content=\"pl_PL\" \/>\n<meta property=\"og:type\" content=\"article\" \/>\n<meta property=\"og:title\" content=\"Smarowanie minimaln\u0105 ilo\u015bci\u0105 - SchmierTec\" \/>\n<meta property=\"og:description\" content=\"Minimalna ilo\u015b\u0107 smarowania z STW Nak\u0142adanie najmniejszych ilo\u015bci \u015brodka smarnego na punkt smarowania bez kontaktu, precyzyjnie i powtarzalnie. Jest to definicja smarowania minimaln\u0105 ilo\u015bci\u0105. Jaki jest najlepszy spos\u00f3b na spe\u0142nienie tych wymaga\u0144? Za pomoc\u0105 dwusk\u0142adnikowych dysz rozpylaj\u0105cych w po\u0142\u0105czeniu z pompami mikrodozuj\u0105cymi. Tylko taka konstrukcja system\u00f3w smarowania minimaln\u0105 ilo\u015bci\u0105 smaru pozwala na pe\u0142n\u0105 kontrol\u0119 nad [&hellip;]\" \/>\n<meta property=\"og:url\" content=\"https:\/\/schmiertec.de\/pl\/smarowanie-minimalna-iloscia\/\" \/>\n<meta property=\"og:site_name\" content=\"SchmierTec\" \/>\n<meta property=\"article:modified_time\" content=\"2026-02-18T18:10:18+00:00\" \/>\n<meta property=\"og:image\" content=\"https:\/\/schmiertec.de\/wp-content\/uploads\/2026\/02\/Minimalmengenschmierung_MDS-30_M30.webp\" \/>\n\t<meta property=\"og:image:width\" content=\"748\" \/>\n\t<meta property=\"og:image:height\" content=\"748\" \/>\n\t<meta property=\"og:image:type\" content=\"image\/webp\" \/>\n<meta name=\"twitter:card\" content=\"summary_large_image\" \/>\n<meta name=\"twitter:label1\" content=\"Szacowany czas czytania\" \/>\n\t<meta name=\"twitter:data1\" content=\"1 minuta\" \/>\n<script type=\"application\/ld+json\" class=\"yoast-schema-graph\">{\"@context\":\"https:\\\/\\\/schema.org\",\"@graph\":[{\"@type\":\"WebPage\",\"@id\":\"https:\\\/\\\/schmiertec.de\\\/pl\\\/smarowanie-minimalna-iloscia\\\/\",\"url\":\"https:\\\/\\\/schmiertec.de\\\/pl\\\/smarowanie-minimalna-iloscia\\\/\",\"name\":\"Smarowanie minimaln\u0105 ilo\u015bci\u0105 - SchmierTec\",\"isPartOf\":{\"@id\":\"https:\\\/\\\/schmiertec.de\\\/pl\\\/#website\"},\"primaryImageOfPage\":{\"@id\":\"https:\\\/\\\/schmiertec.de\\\/pl\\\/smarowanie-minimalna-iloscia\\\/#primaryimage\"},\"image\":{\"@id\":\"https:\\\/\\\/schmiertec.de\\\/pl\\\/smarowanie-minimalna-iloscia\\\/#primaryimage\"},\"thumbnailUrl\":\"https:\\\/\\\/schmiertec.de\\\/wp-content\\\/uploads\\\/2026\\\/02\\\/Minimalmengenschmierung_MDS-30_M30.webp\",\"datePublished\":\"2026-02-18T16:17:37+00:00\",\"dateModified\":\"2026-02-18T18:10:18+00:00\",\"breadcrumb\":{\"@id\":\"https:\\\/\\\/schmiertec.de\\\/pl\\\/smarowanie-minimalna-iloscia\\\/#breadcrumb\"},\"inLanguage\":\"pl-PL\",\"potentialAction\":[{\"@type\":\"ReadAction\",\"target\":[\"https:\\\/\\\/schmiertec.de\\\/pl\\\/smarowanie-minimalna-iloscia\\\/\"]}]},{\"@type\":\"ImageObject\",\"inLanguage\":\"pl-PL\",\"@id\":\"https:\\\/\\\/schmiertec.de\\\/pl\\\/smarowanie-minimalna-iloscia\\\/#primaryimage\",\"url\":\"https:\\\/\\\/schmiertec.de\\\/wp-content\\\/uploads\\\/2026\\\/02\\\/Minimalmengenschmierung_MDS-30_M30.webp\",\"contentUrl\":\"https:\\\/\\\/schmiertec.de\\\/wp-content\\\/uploads\\\/2026\\\/02\\\/Minimalmengenschmierung_MDS-30_M30.webp\"},{\"@type\":\"BreadcrumbList\",\"@id\":\"https:\\\/\\\/schmiertec.de\\\/pl\\\/smarowanie-minimalna-iloscia\\\/#breadcrumb\",\"itemListElement\":[{\"@type\":\"ListItem\",\"position\":1,\"name\":\"Startseite\",\"item\":\"https:\\\/\\\/schmiertec.de\\\/pl\\\/strona-glowna\\\/\"},{\"@type\":\"ListItem\",\"position\":2,\"name\":\"Smarowanie minimaln\u0105 ilo\u015bci\u0105\"}]},{\"@type\":\"WebSite\",\"@id\":\"https:\\\/\\\/schmiertec.de\\\/pl\\\/#website\",\"url\":\"https:\\\/\\\/schmiertec.de\\\/pl\\\/\",\"name\":\"SchmierTec\",\"description\":\"Kettenschmierung und Zentralschmierung\",\"publisher\":{\"@id\":\"https:\\\/\\\/schmiertec.de\\\/pl\\\/#organization\"},\"potentialAction\":[{\"@type\":\"SearchAction\",\"target\":{\"@type\":\"EntryPoint\",\"urlTemplate\":\"https:\\\/\\\/schmiertec.de\\\/pl\\\/?s={search_term_string}\"},\"query-input\":{\"@type\":\"PropertyValueSpecification\",\"valueRequired\":true,\"valueName\":\"search_term_string\"}}],\"inLanguage\":\"pl-PL\"},{\"@type\":\"Organization\",\"@id\":\"https:\\\/\\\/schmiertec.de\\\/pl\\\/#organization\",\"name\":\"STW - Kim Friedrich GmbH\",\"alternateName\":\"SchmierTec\",\"url\":\"https:\\\/\\\/schmiertec.de\\\/pl\\\/\",\"logo\":{\"@type\":\"ImageObject\",\"inLanguage\":\"pl-PL\",\"@id\":\"https:\\\/\\\/schmiertec.de\\\/pl\\\/#\\\/schema\\\/logo\\\/image\\\/\",\"url\":\"https:\\\/\\\/schmiertec.de\\\/wp-content\\\/uploads\\\/2024\\\/01\\\/Logo_Startseite.png\",\"contentUrl\":\"https:\\\/\\\/schmiertec.de\\\/wp-content\\\/uploads\\\/2024\\\/01\\\/Logo_Startseite.png\",\"width\":1700,\"height\":1701,\"caption\":\"STW - Kim Friedrich GmbH\"},\"image\":{\"@id\":\"https:\\\/\\\/schmiertec.de\\\/pl\\\/#\\\/schema\\\/logo\\\/image\\\/\"}}]}<\/script>\n<!-- \/ Yoast SEO plugin. -->","yoast_head_json":{"title":"Smarowanie minimaln\u0105 ilo\u015bci\u0105 - SchmierTec","robots":{"index":"index","follow":"follow","max-snippet":"max-snippet:-1","max-image-preview":"max-image-preview:large","max-video-preview":"max-video-preview:-1"},"canonical":"https:\/\/schmiertec.de\/pl\/smarowanie-minimalna-iloscia\/","og_locale":"pl_PL","og_type":"article","og_title":"Smarowanie minimaln\u0105 ilo\u015bci\u0105 - SchmierTec","og_description":"Minimalna ilo\u015b\u0107 smarowania z STW Nak\u0142adanie najmniejszych ilo\u015bci \u015brodka smarnego na punkt smarowania bez kontaktu, precyzyjnie i powtarzalnie. Jest to definicja smarowania minimaln\u0105 ilo\u015bci\u0105. Jaki jest najlepszy spos\u00f3b na spe\u0142nienie tych wymaga\u0144? Za pomoc\u0105 dwusk\u0142adnikowych dysz rozpylaj\u0105cych w po\u0142\u0105czeniu z pompami mikrodozuj\u0105cymi. Tylko taka konstrukcja system\u00f3w smarowania minimaln\u0105 ilo\u015bci\u0105 smaru pozwala na pe\u0142n\u0105 kontrol\u0119 nad [&hellip;]","og_url":"https:\/\/schmiertec.de\/pl\/smarowanie-minimalna-iloscia\/","og_site_name":"SchmierTec","article_modified_time":"2026-02-18T18:10:18+00:00","og_image":[{"width":748,"height":748,"url":"https:\/\/schmiertec.de\/wp-content\/uploads\/2026\/02\/Minimalmengenschmierung_MDS-30_M30.webp","type":"image\/webp"}],"twitter_card":"summary_large_image","twitter_misc":{"Szacowany czas czytania":"1 minuta"},"schema":{"@context":"https:\/\/schema.org","@graph":[{"@type":"WebPage","@id":"https:\/\/schmiertec.de\/pl\/smarowanie-minimalna-iloscia\/","url":"https:\/\/schmiertec.de\/pl\/smarowanie-minimalna-iloscia\/","name":"Smarowanie minimaln\u0105 ilo\u015bci\u0105 - SchmierTec","isPartOf":{"@id":"https:\/\/schmiertec.de\/pl\/#website"},"primaryImageOfPage":{"@id":"https:\/\/schmiertec.de\/pl\/smarowanie-minimalna-iloscia\/#primaryimage"},"image":{"@id":"https:\/\/schmiertec.de\/pl\/smarowanie-minimalna-iloscia\/#primaryimage"},"thumbnailUrl":"https:\/\/schmiertec.de\/wp-content\/uploads\/2026\/02\/Minimalmengenschmierung_MDS-30_M30.webp","datePublished":"2026-02-18T16:17:37+00:00","dateModified":"2026-02-18T18:10:18+00:00","breadcrumb":{"@id":"https:\/\/schmiertec.de\/pl\/smarowanie-minimalna-iloscia\/#breadcrumb"},"inLanguage":"pl-PL","potentialAction":[{"@type":"ReadAction","target":["https:\/\/schmiertec.de\/pl\/smarowanie-minimalna-iloscia\/"]}]},{"@type":"ImageObject","inLanguage":"pl-PL","@id":"https:\/\/schmiertec.de\/pl\/smarowanie-minimalna-iloscia\/#primaryimage","url":"https:\/\/schmiertec.de\/wp-content\/uploads\/2026\/02\/Minimalmengenschmierung_MDS-30_M30.webp","contentUrl":"https:\/\/schmiertec.de\/wp-content\/uploads\/2026\/02\/Minimalmengenschmierung_MDS-30_M30.webp"},{"@type":"BreadcrumbList","@id":"https:\/\/schmiertec.de\/pl\/smarowanie-minimalna-iloscia\/#breadcrumb","itemListElement":[{"@type":"ListItem","position":1,"name":"Startseite","item":"https:\/\/schmiertec.de\/pl\/strona-glowna\/"},{"@type":"ListItem","position":2,"name":"Smarowanie minimaln\u0105 ilo\u015bci\u0105"}]},{"@type":"WebSite","@id":"https:\/\/schmiertec.de\/pl\/#website","url":"https:\/\/schmiertec.de\/pl\/","name":"SchmierTec","description":"Kettenschmierung und Zentralschmierung","publisher":{"@id":"https:\/\/schmiertec.de\/pl\/#organization"},"potentialAction":[{"@type":"SearchAction","target":{"@type":"EntryPoint","urlTemplate":"https:\/\/schmiertec.de\/pl\/?s={search_term_string}"},"query-input":{"@type":"PropertyValueSpecification","valueRequired":true,"valueName":"search_term_string"}}],"inLanguage":"pl-PL"},{"@type":"Organization","@id":"https:\/\/schmiertec.de\/pl\/#organization","name":"STW - Kim Friedrich GmbH","alternateName":"SchmierTec","url":"https:\/\/schmiertec.de\/pl\/","logo":{"@type":"ImageObject","inLanguage":"pl-PL","@id":"https:\/\/schmiertec.de\/pl\/#\/schema\/logo\/image\/","url":"https:\/\/schmiertec.de\/wp-content\/uploads\/2024\/01\/Logo_Startseite.png","contentUrl":"https:\/\/schmiertec.de\/wp-content\/uploads\/2024\/01\/Logo_Startseite.png","width":1700,"height":1701,"caption":"STW - Kim Friedrich GmbH"},"image":{"@id":"https:\/\/schmiertec.de\/pl\/#\/schema\/logo\/image\/"}}]}},"_links":{"self":[{"href":"https:\/\/schmiertec.de\/pl\/wp-json\/wp\/v2\/pages\/16028","targetHints":{"allow":["GET"]}}],"collection":[{"href":"https:\/\/schmiertec.de\/pl\/wp-json\/wp\/v2\/pages"}],"about":[{"href":"https:\/\/schmiertec.de\/pl\/wp-json\/wp\/v2\/types\/page"}],"author":[{"embeddable":true,"href":"https:\/\/schmiertec.de\/pl\/wp-json\/wp\/v2\/users\/1"}],"replies":[{"embeddable":true,"href":"https:\/\/schmiertec.de\/pl\/wp-json\/wp\/v2\/comments?post=16028"}],"version-history":[{"count":6,"href":"https:\/\/schmiertec.de\/pl\/wp-json\/wp\/v2\/pages\/16028\/revisions"}],"predecessor-version":[{"id":16068,"href":"https:\/\/schmiertec.de\/pl\/wp-json\/wp\/v2\/pages\/16028\/revisions\/16068"}],"wp:attachment":[{"href":"https:\/\/schmiertec.de\/pl\/wp-json\/wp\/v2\/media?parent=16028"}],"curies":[{"name":"wp","href":"https:\/\/api.w.org\/{rel}","templated":true}]}}