{"id":12957,"date":"2024-01-27T11:41:10","date_gmt":"2024-01-27T09:41:10","guid":{"rendered":"https:\/\/schmiertec.de\/nadruk\/"},"modified":"2026-02-10T15:48:16","modified_gmt":"2026-02-10T13:48:16","slug":"nadruk","status":"publish","type":"page","link":"https:\/\/schmiertec.de\/pl\/nadruk\/","title":{"rendered":"Nadruk"},"content":{"rendered":"\t\t<div data-elementor-type=\"wp-page\" data-elementor-id=\"12957\" class=\"elementor elementor-12957 elementor-222\" data-elementor-post-type=\"page\">\n\t\t\t\t<div class=\"elementor-element elementor-element-56fba16 e-flex e-con-boxed e-con e-parent\" data-id=\"56fba16\" data-element_type=\"container\" data-e-type=\"container\">\n\t\t\t\t\t<div class=\"e-con-inner\">\n\t\t\t\t<div class=\"elementor-element elementor-element-59f0159 elementor-widget elementor-widget-spacer\" data-id=\"59f0159\" data-element_type=\"widget\" data-e-type=\"widget\" data-widget_type=\"spacer.default\">\n\t\t\t\t<div class=\"elementor-widget-container\">\n\t\t\t\t\t\t\t<div class=\"elementor-spacer\">\n\t\t\t<div class=\"elementor-spacer-inner\"><\/div>\n\t\t<\/div>\n\t\t\t\t\t\t<\/div>\n\t\t\t\t<\/div>\n\t\t\t\t<div class=\"elementor-element elementor-element-2c0571c elementor-widget elementor-widget-heading\" data-id=\"2c0571c\" data-element_type=\"widget\" data-e-type=\"widget\" data-widget_type=\"heading.default\">\n\t\t\t\t<div class=\"elementor-widget-container\">\n\t\t\t\t\t<h2 class=\"elementor-heading-title elementor-size-default\">Nadruk<\/h2>\t\t\t\t<\/div>\n\t\t\t\t<\/div>\n\t\t\t\t<div class=\"elementor-element elementor-element-bf2cc47 elementor-widget elementor-widget-text-editor\" data-id=\"bf2cc47\" data-element_type=\"widget\" data-e-type=\"widget\" data-widget_type=\"text-editor.default\">\n\t\t\t\t<div class=\"elementor-widget-container\">\n\t\t\t\t\t\t\t\t\t<p>STW - Kim Friedrich GmbH<br>Fischgrubenweg 14<br>74532 Ilshofen<br>Niemcy<\/p><p>Telefon: +49 (0)7904 405 989-1<br>E-mail: info@schmiertec.de<\/p><p>S\u0105d rejestrowy: S\u0105d lokalny w Stuttgarcie<br>Nr rejestru: HRB 764041<br>Nr VAT: DE316729738<\/p><p>Odpowiedzialny za tre\u015b\u0107 zgodnie z \u00a7 55 Abs. 2 RStV:<br>K. Friedrich <\/p><p>Zawarto\u015b\u0107 tej strony internetowej jest chroniona niemieckim prawem autorskim.<br>Jakiekolwiek wykorzystanie, zar\u00f3wno komercyjne, jak i prywatne, wymaga uprzedniej pisemnej zgody w\u0142a\u015bciciela praw autorskich.<\/p><p>\u00a9 STW - Kim Friedrich GmbH. Wszelkie prawa zastrze\u017cone. <\/p><p>Strony internetowe zosta\u0142y stworzone z najwi\u0119ksz\u0105 mo\u017cliw\u0105 staranno\u015bci\u0105. Firma Schmiertechnikwerk (STW) nie mo\u017ce jednak zagwarantowa\u0107, \u017ce tre\u015b\u0107 nie zawiera b\u0142\u0119d\u00f3w i jest kompletna. STW wyklucza wszelk\u0105 odpowiedzialno\u015b\u0107 za szkody wynikaj\u0105ce bezpo\u015brednio lub po\u015brednio z korzystania z tej strony internetowej, chyba \u017ce jest to spowodowane umy\u015blnym dzia\u0142aniem lub ra\u017c\u0105cym niedbalstwem.  <\/p>\t\t\t\t\t\t\t\t<\/div>\n\t\t\t\t<\/div>\n\t\t\t\t\t<\/div>\n\t\t\t\t<\/div>\n\t\t\t\t<\/div>\n\t\t","protected":false},"excerpt":{"rendered":"<p>Nadruk STW - Kim Friedrich GmbHFischgrubenweg 1474532 IlshofenNiemcy Telefon: +49 (0)7904 405 989-1E-mail: info@schmiertec.de S\u0105d rejestrowy: S\u0105d lokalny w StuttgarcieNr rejestru: HRB 764041Nr VAT: DE316729738 Odpowiedzialny za tre\u015b\u0107 zgodnie z \u00a7 55 Abs. 2 RStV:K. Friedrich Zawarto\u015b\u0107 tej strony internetowej jest chroniona niemieckim prawem autorskim.Jakiekolwiek wykorzystanie, zar\u00f3wno komercyjne, jak i prywatne, wymaga uprzedniej pisemnej zgody [&hellip;]<\/p>\n","protected":false},"author":1,"featured_media":0,"parent":0,"menu_order":0,"comment_status":"closed","ping_status":"closed","template":"elementor_header_footer","meta":{"footnotes":""},"class_list":["post-12957","page","type-page","status-publish","hentry"],"yoast_head":"<!-- This site is optimized with the Yoast SEO plugin v27.4 - https:\/\/yoast.com\/product\/yoast-seo-wordpress\/ -->\n<title>Nadruk - SchmierTec<\/title>\n<meta name=\"description\" content=\"Imprint firmy Schmiertec - wszystkie informacje prawne dotycz\u0105ce operatora sklepu internetowego z technologi\u0105 smarowania.\" \/>\n<meta name=\"robots\" content=\"index, follow, max-snippet:-1, max-image-preview:large, max-video-preview:-1\" \/>\n<link rel=\"canonical\" href=\"https:\/\/schmiertec.de\/pl\/nadruk\/\" \/>\n<meta property=\"og:locale\" content=\"pl_PL\" \/>\n<meta property=\"og:type\" content=\"article\" \/>\n<meta property=\"og:title\" content=\"Nadruk - SchmierTec\" \/>\n<meta property=\"og:description\" content=\"Imprint firmy Schmiertec - wszystkie informacje prawne dotycz\u0105ce operatora sklepu internetowego z technologi\u0105 smarowania.\" \/>\n<meta property=\"og:url\" content=\"https:\/\/schmiertec.de\/pl\/nadruk\/\" \/>\n<meta property=\"og:site_name\" content=\"SchmierTec\" \/>\n<meta property=\"article:modified_time\" content=\"2026-02-10T13:48:16+00:00\" \/>\n<meta name=\"twitter:card\" content=\"summary_large_image\" \/>\n<meta name=\"twitter:label1\" content=\"Szacowany czas czytania\" \/>\n\t<meta name=\"twitter:data1\" content=\"1 minuta\" \/>\n<script type=\"application\/ld+json\" class=\"yoast-schema-graph\">{\"@context\":\"https:\\\/\\\/schema.org\",\"@graph\":[{\"@type\":\"WebPage\",\"@id\":\"https:\\\/\\\/schmiertec.de\\\/pl\\\/nadruk\\\/\",\"url\":\"https:\\\/\\\/schmiertec.de\\\/pl\\\/nadruk\\\/\",\"name\":\"Nadruk - SchmierTec\",\"isPartOf\":{\"@id\":\"https:\\\/\\\/schmiertec.de\\\/pl\\\/#website\"},\"datePublished\":\"2024-01-27T09:41:10+00:00\",\"dateModified\":\"2026-02-10T13:48:16+00:00\",\"description\":\"Imprint firmy Schmiertec - wszystkie informacje prawne dotycz\u0105ce operatora sklepu internetowego z technologi\u0105 smarowania.\",\"breadcrumb\":{\"@id\":\"https:\\\/\\\/schmiertec.de\\\/pl\\\/nadruk\\\/#breadcrumb\"},\"inLanguage\":\"pl-PL\",\"potentialAction\":[{\"@type\":\"ReadAction\",\"target\":[\"https:\\\/\\\/schmiertec.de\\\/pl\\\/nadruk\\\/\"]}]},{\"@type\":\"BreadcrumbList\",\"@id\":\"https:\\\/\\\/schmiertec.de\\\/pl\\\/nadruk\\\/#breadcrumb\",\"itemListElement\":[{\"@type\":\"ListItem\",\"position\":1,\"name\":\"Startseite\",\"item\":\"https:\\\/\\\/schmiertec.de\\\/pl\\\/strona-glowna\\\/\"},{\"@type\":\"ListItem\",\"position\":2,\"name\":\"Nadruk\"}]},{\"@type\":\"WebSite\",\"@id\":\"https:\\\/\\\/schmiertec.de\\\/pl\\\/#website\",\"url\":\"https:\\\/\\\/schmiertec.de\\\/pl\\\/\",\"name\":\"SchmierTec\",\"description\":\"Kettenschmierung und Zentralschmierung\",\"publisher\":{\"@id\":\"https:\\\/\\\/schmiertec.de\\\/pl\\\/#organization\"},\"potentialAction\":[{\"@type\":\"SearchAction\",\"target\":{\"@type\":\"EntryPoint\",\"urlTemplate\":\"https:\\\/\\\/schmiertec.de\\\/pl\\\/?s={search_term_string}\"},\"query-input\":{\"@type\":\"PropertyValueSpecification\",\"valueRequired\":true,\"valueName\":\"search_term_string\"}}],\"inLanguage\":\"pl-PL\"},{\"@type\":\"Organization\",\"@id\":\"https:\\\/\\\/schmiertec.de\\\/pl\\\/#organization\",\"name\":\"STW - Kim Friedrich GmbH\",\"alternateName\":\"SchmierTec\",\"url\":\"https:\\\/\\\/schmiertec.de\\\/pl\\\/\",\"logo\":{\"@type\":\"ImageObject\",\"inLanguage\":\"pl-PL\",\"@id\":\"https:\\\/\\\/schmiertec.de\\\/pl\\\/#\\\/schema\\\/logo\\\/image\\\/\",\"url\":\"https:\\\/\\\/schmiertec.de\\\/wp-content\\\/uploads\\\/2024\\\/01\\\/Logo_Startseite.png\",\"contentUrl\":\"https:\\\/\\\/schmiertec.de\\\/wp-content\\\/uploads\\\/2024\\\/01\\\/Logo_Startseite.png\",\"width\":1700,\"height\":1701,\"caption\":\"STW - Kim Friedrich GmbH\"},\"image\":{\"@id\":\"https:\\\/\\\/schmiertec.de\\\/pl\\\/#\\\/schema\\\/logo\\\/image\\\/\"}}]}<\/script>\n<!-- \/ Yoast SEO plugin. -->","yoast_head_json":{"title":"Nadruk - SchmierTec","description":"Imprint firmy Schmiertec - wszystkie informacje prawne dotycz\u0105ce operatora sklepu internetowego z technologi\u0105 smarowania.","robots":{"index":"index","follow":"follow","max-snippet":"max-snippet:-1","max-image-preview":"max-image-preview:large","max-video-preview":"max-video-preview:-1"},"canonical":"https:\/\/schmiertec.de\/pl\/nadruk\/","og_locale":"pl_PL","og_type":"article","og_title":"Nadruk - SchmierTec","og_description":"Imprint firmy Schmiertec - wszystkie informacje prawne dotycz\u0105ce operatora sklepu internetowego z technologi\u0105 smarowania.","og_url":"https:\/\/schmiertec.de\/pl\/nadruk\/","og_site_name":"SchmierTec","article_modified_time":"2026-02-10T13:48:16+00:00","twitter_card":"summary_large_image","twitter_misc":{"Szacowany czas czytania":"1 minuta"},"schema":{"@context":"https:\/\/schema.org","@graph":[{"@type":"WebPage","@id":"https:\/\/schmiertec.de\/pl\/nadruk\/","url":"https:\/\/schmiertec.de\/pl\/nadruk\/","name":"Nadruk - SchmierTec","isPartOf":{"@id":"https:\/\/schmiertec.de\/pl\/#website"},"datePublished":"2024-01-27T09:41:10+00:00","dateModified":"2026-02-10T13:48:16+00:00","description":"Imprint firmy Schmiertec - wszystkie informacje prawne dotycz\u0105ce operatora sklepu internetowego z technologi\u0105 smarowania.","breadcrumb":{"@id":"https:\/\/schmiertec.de\/pl\/nadruk\/#breadcrumb"},"inLanguage":"pl-PL","potentialAction":[{"@type":"ReadAction","target":["https:\/\/schmiertec.de\/pl\/nadruk\/"]}]},{"@type":"BreadcrumbList","@id":"https:\/\/schmiertec.de\/pl\/nadruk\/#breadcrumb","itemListElement":[{"@type":"ListItem","position":1,"name":"Startseite","item":"https:\/\/schmiertec.de\/pl\/strona-glowna\/"},{"@type":"ListItem","position":2,"name":"Nadruk"}]},{"@type":"WebSite","@id":"https:\/\/schmiertec.de\/pl\/#website","url":"https:\/\/schmiertec.de\/pl\/","name":"SchmierTec","description":"Kettenschmierung und Zentralschmierung","publisher":{"@id":"https:\/\/schmiertec.de\/pl\/#organization"},"potentialAction":[{"@type":"SearchAction","target":{"@type":"EntryPoint","urlTemplate":"https:\/\/schmiertec.de\/pl\/?s={search_term_string}"},"query-input":{"@type":"PropertyValueSpecification","valueRequired":true,"valueName":"search_term_string"}}],"inLanguage":"pl-PL"},{"@type":"Organization","@id":"https:\/\/schmiertec.de\/pl\/#organization","name":"STW - Kim Friedrich GmbH","alternateName":"SchmierTec","url":"https:\/\/schmiertec.de\/pl\/","logo":{"@type":"ImageObject","inLanguage":"pl-PL","@id":"https:\/\/schmiertec.de\/pl\/#\/schema\/logo\/image\/","url":"https:\/\/schmiertec.de\/wp-content\/uploads\/2024\/01\/Logo_Startseite.png","contentUrl":"https:\/\/schmiertec.de\/wp-content\/uploads\/2024\/01\/Logo_Startseite.png","width":1700,"height":1701,"caption":"STW - Kim Friedrich GmbH"},"image":{"@id":"https:\/\/schmiertec.de\/pl\/#\/schema\/logo\/image\/"}}]}},"_links":{"self":[{"href":"https:\/\/schmiertec.de\/pl\/wp-json\/wp\/v2\/pages\/12957","targetHints":{"allow":["GET"]}}],"collection":[{"href":"https:\/\/schmiertec.de\/pl\/wp-json\/wp\/v2\/pages"}],"about":[{"href":"https:\/\/schmiertec.de\/pl\/wp-json\/wp\/v2\/types\/page"}],"author":[{"embeddable":true,"href":"https:\/\/schmiertec.de\/pl\/wp-json\/wp\/v2\/users\/1"}],"replies":[{"embeddable":true,"href":"https:\/\/schmiertec.de\/pl\/wp-json\/wp\/v2\/comments?post=12957"}],"version-history":[{"count":1,"href":"https:\/\/schmiertec.de\/pl\/wp-json\/wp\/v2\/pages\/12957\/revisions"}],"predecessor-version":[{"id":12960,"href":"https:\/\/schmiertec.de\/pl\/wp-json\/wp\/v2\/pages\/12957\/revisions\/12960"}],"wp:attachment":[{"href":"https:\/\/schmiertec.de\/pl\/wp-json\/wp\/v2\/media?parent=12957"}],"curies":[{"name":"wp","href":"https:\/\/api.w.org\/{rel}","templated":true}]}}