{"id":12948,"date":"2024-01-25T15:01:26","date_gmt":"2024-01-25T13:01:26","guid":{"rendered":"https:\/\/schmiertec.de\/moje-konto\/"},"modified":"2026-02-10T15:48:16","modified_gmt":"2026-02-10T13:48:16","slug":"moje-konto","status":"publish","type":"page","link":"https:\/\/schmiertec.de\/pl\/moje-konto\/","title":{"rendered":"Moje konto"},"content":{"rendered":"\t\t<div data-elementor-type=\"wp-page\" data-elementor-id=\"12948\" class=\"elementor elementor-12948 elementor-81\" data-elementor-post-type=\"page\">\n\t\t\t\t\t\t<section class=\"elementor-section elementor-top-section elementor-element elementor-element-d701de0 elementor-section-content-middle elementor-section-boxed elementor-section-height-default elementor-section-height-default\" data-id=\"d701de0\" data-element_type=\"section\" data-e-type=\"section\" data-settings=\"{&quot;background_background&quot;:&quot;classic&quot;}\">\n\t\t\t\t\t\t<div class=\"elementor-container elementor-column-gap-default\">\n\t\t\t\t\t<div class=\"elementor-column elementor-col-50 elementor-top-column elementor-element elementor-element-88d1c7a\" data-id=\"88d1c7a\" data-element_type=\"column\" data-e-type=\"column\">\n\t\t\t<div class=\"elementor-widget-wrap elementor-element-populated\">\n\t\t\t\t\t\t<div class=\"elementor-element elementor-element-cb4e1b2 elementor-widget elementor-widget-heading\" data-id=\"cb4e1b2\" data-element_type=\"widget\" data-e-type=\"widget\" data-widget_type=\"heading.default\">\n\t\t\t\t<div class=\"elementor-widget-container\">\n\t\t\t\t\t<h3 class=\"elementor-heading-title elementor-size-default\">Moje konto<\/h3>\t\t\t\t<\/div>\n\t\t\t\t<\/div>\n\t\t\t\t\t<\/div>\n\t\t<\/div>\n\t\t\t\t<div class=\"elementor-column elementor-col-50 elementor-top-column elementor-element elementor-element-7dd2c27\" data-id=\"7dd2c27\" data-element_type=\"column\" data-e-type=\"column\">\n\t\t\t<div class=\"elementor-widget-wrap elementor-element-populated\">\n\t\t\t\t\t\t<div class=\"elementor-element elementor-element-b4d0160 elementor-align-right elementor-widget elementor-widget-button\" data-id=\"b4d0160\" data-element_type=\"widget\" data-e-type=\"widget\" data-widget_type=\"button.default\">\n\t\t\t\t<div class=\"elementor-widget-container\">\n\t\t\t\t\t\t\t\t\t<div class=\"elementor-button-wrapper\">\n\t\t\t\t\t<a class=\"elementor-button elementor-button-link elementor-size-xs\" href=\"https:\/\/schmiertec.de\/shop\/\">\n\t\t\t\t\t\t<span class=\"elementor-button-content-wrapper\">\n\t\t\t\t\t\t<span class=\"elementor-button-icon\">\n\t\t\t\t<svg aria-hidden=\"true\" class=\"e-font-icon-svg e-fas-arrow-left\" viewBox=\"0 0 448 512\" xmlns=\"http:\/\/www.w3.org\/2000\/svg\"><path d=\"M257.5 445.1l-22.2 22.2c-9.4 9.4-24.6 9.4-33.9 0L7 273c-9.4-9.4-9.4-24.6 0-33.9L201.4 44.7c9.4-9.4 24.6-9.4 33.9 0l22.2 22.2c9.5 9.5 9.3 25-.4 34.3L136.6 216H424c13.3 0 24 10.7 24 24v32c0 13.3-10.7 24-24 24H136.6l120.5 114.8c9.8 9.3 10 24.8.4 34.3z\"><\/path><\/svg>\t\t\t<\/span>\n\t\t\t\t\t\t\t\t\t<span class=\"elementor-button-text\">Powr\u00f3t do sklepu<\/span>\n\t\t\t\t\t<\/span>\n\t\t\t\t\t<\/a>\n\t\t\t\t<\/div>\n\t\t\t\t\t\t\t\t<\/div>\n\t\t\t\t<\/div>\n\t\t\t\t\t<\/div>\n\t\t<\/div>\n\t\t\t\t\t<\/div>\n\t\t<\/section>\n\t\t\t\t<section class=\"elementor-section elementor-top-section elementor-element elementor-element-53e81b1 elementor-section-boxed elementor-section-height-default elementor-section-height-default\" data-id=\"53e81b1\" data-element_type=\"section\" data-e-type=\"section\">\n\t\t\t\t\t\t<div class=\"elementor-container elementor-column-gap-default\">\n\t\t\t\t\t<div class=\"elementor-column elementor-col-100 elementor-top-column elementor-element elementor-element-dc5f88e\" data-id=\"dc5f88e\" data-element_type=\"column\" data-e-type=\"column\">\n\t\t\t<div class=\"elementor-widget-wrap elementor-element-populated\">\n\t\t\t\t\t\t<div class=\"elementor-element elementor-element-8c0a180 e-my-account-tabs-vertical elementor-widget elementor-widget-woocommerce-my-account\" data-id=\"8c0a180\" data-element_type=\"widget\" data-e-type=\"widget\" data-widget_type=\"woocommerce-my-account.default\">\n\t\t\t\t<div class=\"elementor-widget-container\">\n\t\t\t\t\t<div class=\"e-my-account-tab e-my-account-tab__ \">\t\t\t<div class=\"woocommerce\"><\/div>\t\t<\/div>\n\t\t\t\t\t\t<\/div>\n\t\t\t\t<\/div>\n\t\t\t\t\t<\/div>\n\t\t<\/div>\n\t\t\t\t\t<\/div>\n\t\t<\/section>\n\t\t\t\t<\/div>\n\t\t","protected":false},"excerpt":{"rendered":"<p>Moje konto Powr\u00f3t do sklepu<\/p>\n","protected":false},"author":1,"featured_media":0,"parent":0,"menu_order":0,"comment_status":"closed","ping_status":"closed","template":"","meta":{"footnotes":""},"class_list":["post-12948","page","type-page","status-publish","hentry"],"yoast_head":"<!-- This site is optimized with the Yoast SEO plugin v27.3 - https:\/\/yoast.com\/product\/yoast-seo-wordpress\/ -->\n<title>Moje konto - SchmierTec<\/title>\n<meta name=\"description\" content=\"\u0141atwo i bezpiecznie zarz\u0105dzaj zam\u00f3wieniami, fakturami i danymi klient\u00f3w na swoim koncie Schmiertec.\" \/>\n<meta name=\"robots\" content=\"index, follow, max-snippet:-1, max-image-preview:large, max-video-preview:-1\" \/>\n<link rel=\"canonical\" href=\"https:\/\/schmiertec.de\/pl\/moje-konto\/\" \/>\n<meta property=\"og:locale\" content=\"pl_PL\" \/>\n<meta property=\"og:type\" content=\"article\" \/>\n<meta property=\"og:title\" content=\"Moje konto - SchmierTec\" \/>\n<meta property=\"og:description\" content=\"\u0141atwo i bezpiecznie zarz\u0105dzaj zam\u00f3wieniami, fakturami i danymi klient\u00f3w na swoim koncie Schmiertec.\" \/>\n<meta property=\"og:url\" content=\"https:\/\/schmiertec.de\/pl\/moje-konto\/\" \/>\n<meta property=\"og:site_name\" content=\"SchmierTec\" \/>\n<meta property=\"article:modified_time\" content=\"2026-02-10T13:48:16+00:00\" \/>\n<meta name=\"twitter:card\" content=\"summary_large_image\" \/>\n<script type=\"application\/ld+json\" class=\"yoast-schema-graph\">{\"@context\":\"https:\\\/\\\/schema.org\",\"@graph\":[{\"@type\":\"WebPage\",\"@id\":\"https:\\\/\\\/schmiertec.de\\\/pl\\\/moje-konto\\\/\",\"url\":\"https:\\\/\\\/schmiertec.de\\\/pl\\\/moje-konto\\\/\",\"name\":\"Moje konto - SchmierTec\",\"isPartOf\":{\"@id\":\"https:\\\/\\\/schmiertec.de\\\/pl\\\/#website\"},\"datePublished\":\"2024-01-25T13:01:26+00:00\",\"dateModified\":\"2026-02-10T13:48:16+00:00\",\"description\":\"\u0141atwo i bezpiecznie zarz\u0105dzaj zam\u00f3wieniami, fakturami i danymi klient\u00f3w na swoim koncie Schmiertec.\",\"breadcrumb\":{\"@id\":\"https:\\\/\\\/schmiertec.de\\\/pl\\\/moje-konto\\\/#breadcrumb\"},\"inLanguage\":\"pl-PL\",\"potentialAction\":[{\"@type\":\"ReadAction\",\"target\":[\"https:\\\/\\\/schmiertec.de\\\/pl\\\/moje-konto\\\/\"]}]},{\"@type\":\"BreadcrumbList\",\"@id\":\"https:\\\/\\\/schmiertec.de\\\/pl\\\/moje-konto\\\/#breadcrumb\",\"itemListElement\":[{\"@type\":\"ListItem\",\"position\":1,\"name\":\"Startseite\",\"item\":\"https:\\\/\\\/schmiertec.de\\\/pl\\\/strona-glowna\\\/\"},{\"@type\":\"ListItem\",\"position\":2,\"name\":\"Moje konto\"}]},{\"@type\":\"WebSite\",\"@id\":\"https:\\\/\\\/schmiertec.de\\\/pl\\\/#website\",\"url\":\"https:\\\/\\\/schmiertec.de\\\/pl\\\/\",\"name\":\"SchmierTec\",\"description\":\"Kettenschmierung und Zentralschmierung\",\"publisher\":{\"@id\":\"https:\\\/\\\/schmiertec.de\\\/pl\\\/#organization\"},\"potentialAction\":[{\"@type\":\"SearchAction\",\"target\":{\"@type\":\"EntryPoint\",\"urlTemplate\":\"https:\\\/\\\/schmiertec.de\\\/pl\\\/?s={search_term_string}\"},\"query-input\":{\"@type\":\"PropertyValueSpecification\",\"valueRequired\":true,\"valueName\":\"search_term_string\"}}],\"inLanguage\":\"pl-PL\"},{\"@type\":\"Organization\",\"@id\":\"https:\\\/\\\/schmiertec.de\\\/pl\\\/#organization\",\"name\":\"STW - Kim Friedrich GmbH\",\"alternateName\":\"SchmierTec\",\"url\":\"https:\\\/\\\/schmiertec.de\\\/pl\\\/\",\"logo\":{\"@type\":\"ImageObject\",\"inLanguage\":\"pl-PL\",\"@id\":\"https:\\\/\\\/schmiertec.de\\\/pl\\\/#\\\/schema\\\/logo\\\/image\\\/\",\"url\":\"https:\\\/\\\/schmiertec.de\\\/wp-content\\\/uploads\\\/2024\\\/01\\\/Logo_Startseite.png\",\"contentUrl\":\"https:\\\/\\\/schmiertec.de\\\/wp-content\\\/uploads\\\/2024\\\/01\\\/Logo_Startseite.png\",\"width\":1700,\"height\":1701,\"caption\":\"STW - Kim Friedrich GmbH\"},\"image\":{\"@id\":\"https:\\\/\\\/schmiertec.de\\\/pl\\\/#\\\/schema\\\/logo\\\/image\\\/\"}}]}<\/script>\n<!-- \/ Yoast SEO plugin. -->","yoast_head_json":{"title":"Moje konto - SchmierTec","description":"\u0141atwo i bezpiecznie zarz\u0105dzaj zam\u00f3wieniami, fakturami i danymi klient\u00f3w na swoim koncie Schmiertec.","robots":{"index":"index","follow":"follow","max-snippet":"max-snippet:-1","max-image-preview":"max-image-preview:large","max-video-preview":"max-video-preview:-1"},"canonical":"https:\/\/schmiertec.de\/pl\/moje-konto\/","og_locale":"pl_PL","og_type":"article","og_title":"Moje konto - SchmierTec","og_description":"\u0141atwo i bezpiecznie zarz\u0105dzaj zam\u00f3wieniami, fakturami i danymi klient\u00f3w na swoim koncie Schmiertec.","og_url":"https:\/\/schmiertec.de\/pl\/moje-konto\/","og_site_name":"SchmierTec","article_modified_time":"2026-02-10T13:48:16+00:00","twitter_card":"summary_large_image","schema":{"@context":"https:\/\/schema.org","@graph":[{"@type":"WebPage","@id":"https:\/\/schmiertec.de\/pl\/moje-konto\/","url":"https:\/\/schmiertec.de\/pl\/moje-konto\/","name":"Moje konto - SchmierTec","isPartOf":{"@id":"https:\/\/schmiertec.de\/pl\/#website"},"datePublished":"2024-01-25T13:01:26+00:00","dateModified":"2026-02-10T13:48:16+00:00","description":"\u0141atwo i bezpiecznie zarz\u0105dzaj zam\u00f3wieniami, fakturami i danymi klient\u00f3w na swoim koncie Schmiertec.","breadcrumb":{"@id":"https:\/\/schmiertec.de\/pl\/moje-konto\/#breadcrumb"},"inLanguage":"pl-PL","potentialAction":[{"@type":"ReadAction","target":["https:\/\/schmiertec.de\/pl\/moje-konto\/"]}]},{"@type":"BreadcrumbList","@id":"https:\/\/schmiertec.de\/pl\/moje-konto\/#breadcrumb","itemListElement":[{"@type":"ListItem","position":1,"name":"Startseite","item":"https:\/\/schmiertec.de\/pl\/strona-glowna\/"},{"@type":"ListItem","position":2,"name":"Moje konto"}]},{"@type":"WebSite","@id":"https:\/\/schmiertec.de\/pl\/#website","url":"https:\/\/schmiertec.de\/pl\/","name":"SchmierTec","description":"Kettenschmierung und Zentralschmierung","publisher":{"@id":"https:\/\/schmiertec.de\/pl\/#organization"},"potentialAction":[{"@type":"SearchAction","target":{"@type":"EntryPoint","urlTemplate":"https:\/\/schmiertec.de\/pl\/?s={search_term_string}"},"query-input":{"@type":"PropertyValueSpecification","valueRequired":true,"valueName":"search_term_string"}}],"inLanguage":"pl-PL"},{"@type":"Organization","@id":"https:\/\/schmiertec.de\/pl\/#organization","name":"STW - Kim Friedrich GmbH","alternateName":"SchmierTec","url":"https:\/\/schmiertec.de\/pl\/","logo":{"@type":"ImageObject","inLanguage":"pl-PL","@id":"https:\/\/schmiertec.de\/pl\/#\/schema\/logo\/image\/","url":"https:\/\/schmiertec.de\/wp-content\/uploads\/2024\/01\/Logo_Startseite.png","contentUrl":"https:\/\/schmiertec.de\/wp-content\/uploads\/2024\/01\/Logo_Startseite.png","width":1700,"height":1701,"caption":"STW - Kim Friedrich GmbH"},"image":{"@id":"https:\/\/schmiertec.de\/pl\/#\/schema\/logo\/image\/"}}]}},"_links":{"self":[{"href":"https:\/\/schmiertec.de\/pl\/wp-json\/wp\/v2\/pages\/12948","targetHints":{"allow":["GET"]}}],"collection":[{"href":"https:\/\/schmiertec.de\/pl\/wp-json\/wp\/v2\/pages"}],"about":[{"href":"https:\/\/schmiertec.de\/pl\/wp-json\/wp\/v2\/types\/page"}],"author":[{"embeddable":true,"href":"https:\/\/schmiertec.de\/pl\/wp-json\/wp\/v2\/users\/1"}],"replies":[{"embeddable":true,"href":"https:\/\/schmiertec.de\/pl\/wp-json\/wp\/v2\/comments?post=12948"}],"version-history":[{"count":1,"href":"https:\/\/schmiertec.de\/pl\/wp-json\/wp\/v2\/pages\/12948\/revisions"}],"predecessor-version":[{"id":12953,"href":"https:\/\/schmiertec.de\/pl\/wp-json\/wp\/v2\/pages\/12948\/revisions\/12953"}],"wp:attachment":[{"href":"https:\/\/schmiertec.de\/pl\/wp-json\/wp\/v2\/media?parent=12948"}],"curies":[{"name":"wp","href":"https:\/\/api.w.org\/{rel}","templated":true}]}}