{"id":12896,"date":"2024-01-27T14:23:32","date_gmt":"2024-01-27T12:23:32","guid":{"rendered":"https:\/\/schmiertec.de\/polityka-prywatnosci\/"},"modified":"2026-02-10T15:46:42","modified_gmt":"2026-02-10T13:46:42","slug":"polityka-prywatnosci","status":"publish","type":"page","link":"https:\/\/schmiertec.de\/pl\/polityka-prywatnosci\/","title":{"rendered":"Polityka prywatno\u015bci"},"content":{"rendered":"\t\t<div data-elementor-type=\"wp-page\" data-elementor-id=\"12896\" class=\"elementor elementor-12896 elementor-256\" data-elementor-post-type=\"page\">\n\t\t\t\t<div class=\"elementor-element elementor-element-ffc8dc0 e-flex e-con-boxed e-con e-parent\" data-id=\"ffc8dc0\" data-element_type=\"container\" data-e-type=\"container\">\n\t\t\t\t\t<div class=\"e-con-inner\">\n\t\t\t\t<div class=\"elementor-element elementor-element-04f141b elementor-widget elementor-widget-text-editor\" data-id=\"04f141b\" data-element_type=\"widget\" data-e-type=\"widget\" data-widget_type=\"text-editor.default\">\n\t\t\t\t<div class=\"elementor-widget-container\">\n\t\t\t\t\t\t\t\t\t<div class=\"elementor elementor-36476\" data-elementor-type=\"wp-page\" data-elementor-id=\"36476\" data-elementor-post-type=\"page\"><section class=\"elementor-section elementor-top-section elementor-element elementor-element-564e5db elementor-section-boxed elementor-section-height-default elementor-section-height-default\" data-id=\"564e5db\" data-element_type=\"section\"><div class=\"elementor-background-overlay\"> <\/div><div class=\"elementor-container elementor-column-gap-default\"><div class=\"elementor-column elementor-col-100 elementor-top-column elementor-element elementor-element-bbe9312\" data-id=\"bbe9312\" data-element_type=\"column\"><div class=\"elementor-widget-wrap elementor-element-populated\"><div class=\"elementor-element elementor-element-6744853 elementor-widget elementor-widget-spacer\" data-id=\"6744853\" data-element_type=\"widget\" data-widget_type=\"spacer.default\"><div class=\"elementor-widget-container\"><div class=\"elementor-spacer\"><div class=\"elementor-spacer-inner\"> <\/div><\/div><\/div><\/div><div class=\"elementor-element elementor-element-905aa00 elementor-widget elementor-widget-text-editor\" data-id=\"905aa00\" data-element_type=\"widget\" data-widget_type=\"text-editor.default\"><div class=\"elementor-widget-container\"><h1>Polityka prywatno\u015bci<\/h1><p> <\/p><h4>Ochrona danych<\/h4><p>Schmiertechnikwerk bardzo powa\u017cnie traktuje ochron\u0119 danych osobowych u\u017cytkownik\u00f3w. Traktujemy dane osobowe u\u017cytkownik\u00f3w poufnie i zgodnie z ustawowymi przepisami o ochronie danych oraz niniejsz\u0105 polityk\u0105 prywatno\u015bci. <\/p><p>Korzystanie z naszej strony internetowej jest zasadniczo mo\u017cliwe bez podawania danych osobowych. Je\u015bli na naszej stronie internetowej gromadzone s\u0105 dane osobowe (np. imi\u0119 i nazwisko, adres lub adresy e-mail), odbywa si\u0119 to zawsze w miar\u0119 mo\u017cliwo\u015bci na zasadzie dobrowolno\u015bci. Dane te nie b\u0119d\u0105 przekazywane osobom trzecim bez wyra\u017anej zgody u\u017cytkownika.  <\/p><p>Zwracamy uwag\u0119, \u017ce transmisja danych przez Internet (np. podczas komunikacji za po\u015brednictwem poczty elektronicznej) mo\u017ce zawiera\u0107 luki w zabezpieczeniach. Pe\u0142na ochrona danych przed dost\u0119pem os\u00f3b trzecich nie jest mo\u017cliwa. <\/p><h3>Formularz kontaktowy<\/h3><p>Je\u015bli wy\u015blesz do nas zapytanie za po\u015brednictwem formularza kontaktowego, Twoje dane z formularza zapytania, w tym dane kontaktowe, kt\u00f3re tam podasz, b\u0119d\u0105 przez nas przechowywane w celu przetworzenia zapytania oraz w przypadku dalszych pyta\u0144. Nie b\u0119dziemy przekazywa\u0107 tych danych bez zgody u\u017cytkownika. <\/p><h3>Pliki cookie<\/h3><p>Niekt\u00f3re strony internetowe wykorzystuj\u0105 tzw. pliki cookie. Pliki cookie nie uszkadzaj\u0105 komputera i nie zawieraj\u0105 wirus\u00f3w. Pliki cookie s\u0105 u\u017cywane, aby nasza strona internetowa by\u0142a bardziej przyjazna dla u\u017cytkownika, skuteczna i bezpieczna. Pliki cookie to ma\u0142e pliki tekstowe, kt\u00f3re s\u0105 przechowywane na komputerze i zapisywane przez przegl\u0105dark\u0119.   <\/p><p>Wi\u0119kszo\u015b\u0107 u\u017cywanych przez nas plik\u00f3w cookie to tak zwane &#8222;sesyjne pliki cookie&#8221;. S\u0105 one automatycznie usuwane po zako\u0144czeniu wizyty u\u017cytkownika. Inne pliki cookie s\u0105 przechowywane na urz\u0105dzeniu ko\u0144cowym u\u017cytkownika do momentu ich usuni\u0119cia. Te pliki cookie umo\u017cliwiaj\u0105 nam rozpoznanie przegl\u0105darki u\u017cytkownika podczas kolejnej wizyty.   <\/p><p>U\u017cytkownik mo\u017ce ustawi\u0107 swoj\u0105 przegl\u0105dark\u0119 w taki spos\u00f3b, aby by\u0142 informowany o ustawieniach plik\u00f3w cookie i zezwala\u0142 na pliki cookie tylko w indywidualnych przypadkach, wyklucza\u0142 akceptacj\u0119 plik\u00f3w cookie w okre\u015blonych przypadkach lub og\u00f3lnie oraz aktywowa\u0142 automatyczne usuwanie plik\u00f3w cookie po zamkni\u0119ciu przegl\u0105darki. W przypadku dezaktywacji plik\u00f3w cookie funkcjonalno\u015b\u0107 tej witryny mo\u017ce by\u0107 ograniczona. <\/p><h3>Pliki dziennika serwera<\/h3><p>Dostawca stron automatycznie gromadzi i przechowuje informacje w tak zwanych plikach dziennika serwera, kt\u00f3re przegl\u0105darka u\u017cytkownika automatycznie przesy\u0142a do nas. S\u0105 to <\/p><p>Typ i wersja przegl\u0105darki<\/p><p>U\u017cywany system operacyjny<\/p><p>Adres URL strony odsy\u0142aj\u0105cej<\/p><p>Nazwa hosta komputera uzyskuj\u0105cego dost\u0119p<\/p><p>Czas \u017c\u0105dania serwera<\/p><p>Danych tych nie mo\u017cna przypisa\u0107 do konkretnych os\u00f3b. Dane te nie s\u0105 \u0142\u0105czone z innymi \u017ar\u00f3d\u0142ami danych. Zastrzegamy sobie prawo do sprawdzenia tych danych z moc\u0105 wsteczn\u0105, je\u015bli dowiemy si\u0119 o konkretnych oznakach niezgodnego z prawem wykorzystania.  <\/p><h3>Polityka prywatno\u015bci dotycz\u0105ca korzystania z Google Analytics<\/h3><p>Ta strona internetowa korzysta z funkcji us\u0142ugi analizy internetowej Google Analytics. Dostawc\u0105 jest Google Inc, 1600 Amphitheatre Parkway Mountain View, CA 94043, USA.<\/p><p>Google Analytics wykorzystuje tak zwane &#8222;pliki cookie&#8221;. S\u0105 to pliki tekstowe, kt\u00f3re s\u0105 przechowywane na komputerze u\u017cytkownika i umo\u017cliwiaj\u0105 analiz\u0119 korzystania z witryny przez u\u017cytkownika. Informacje generowane przez pliki cookie na temat korzystania z tej witryny s\u0105 zazwyczaj przesy\u0142ane na serwer Google w USA i tam przechowywane.  <\/p><p>Wi\u0119cej informacji na temat sposobu przetwarzania danych u\u017cytkownik\u00f3w przez Google Analytics mo\u017cna znale\u017a\u0107 w polityce prywatno\u015bci Google: <a href=\"https:\/\/support.google.com\/analytics\/answer\/6004245?hl=de\">https:\/\/support.google.com\/analytics\/answer\/6004245?hl=de<\/a>.<\/p><h3>Wtyczka przegl\u0105darki<\/h3><p>U\u017cytkownik mo\u017ce odm\u00f3wi\u0107 korzystania z plik\u00f3w cookie, wybieraj\u0105c odpowiednie ustawienia w przegl\u0105darce, jednak nale\u017cy pami\u0119ta\u0107, \u017ce w takim przypadku korzystanie z pe\u0142nej funkcjonalno\u015bci tej witryny mo\u017ce nie by\u0107 mo\u017cliwe. U\u017cytkownik mo\u017ce r\u00f3wnie\u017c uniemo\u017cliwi\u0107 Google gromadzenie danych generowanych przez pliki cookie i zwi\u0105zanych z korzystaniem przez niego ze strony internetowej (w tym adresu IP) oraz przetwarzanie tych danych przez Google, pobieraj\u0105c i instaluj\u0105c wtyczk\u0119 do przegl\u0105darki dost\u0119pn\u0105 pod nast\u0119puj\u0105cym linkiem: <a href=\"https:\/\/tools.google.com\/dlpage\/gaoptout?hl=de\">https:\/\/tools.google.com\/dlpage\/gaoptout?hl=de<\/a>. <\/p><p> <\/p><h3>Przetwarzanie danych zam\u00f3wienia<\/h3><p>Zawarli\u015bmy umow\u0119 z Google na zlecone przetwarzanie danych i w pe\u0142ni wdra\u017camy surowe wymagania niemieckich organ\u00f3w ochrony danych podczas korzystania z Google Analytics.<\/p><h3>Anonimizacja adres\u00f3w IP<\/h3><p>Na tej stronie u\u017cywamy funkcji &#8222;Aktywacja anonimizacji IP&#8221;. Oznacza to jednak, \u017ce adres IP u\u017cytkownika zostanie najpierw skr\u00f3cony przez Google w pa\u0144stwach cz\u0142onkowskich Unii Europejskiej lub w innych pa\u0144stwach-sygnatariuszach Porozumienia o Europejskim Obszarze Gospodarczym. Tylko w wyj\u0105tkowych przypadkach pe\u0142ny adres IP zostanie przes\u0142any na serwer Google w USA i tam skr\u00f3cony. W imieniu operatora tej witryny Google wykorzysta te informacje do analizy korzystania z witryny przez u\u017cytkownika, tworzenia raport\u00f3w dotycz\u0105cych aktywno\u015bci na stronie oraz \u015bwiadczenia innych us\u0142ug zwi\u0105zanych z aktywno\u015bci\u0105 na stronie i korzystaniem z Internetu na rzecz operatora witryny. Adres IP przes\u0142any przez przegl\u0105dark\u0119 u\u017cytkownika w ramach Google Analytics nie zostanie po\u0142\u0105czony z innymi danymi Google.    <\/p><p>Powiadomienie o ochronie danych utworzone przy u\u017cyciu fragment\u00f3w ze \u017ar\u00f3d\u0142a: eRecht24<\/p><\/div><\/div><\/div><\/div><\/div><\/section><\/div>\t\t\t\t\t\t\t\t<\/div>\n\t\t\t\t<\/div>\n\t\t\t\t\t<\/div>\n\t\t\t\t<\/div>\n\t\t\t\t<\/div>\n\t\t","protected":false},"excerpt":{"rendered":"<p>Polityka prywatno\u015bci Ochrona danych Schmiertechnikwerk bardzo powa\u017cnie traktuje ochron\u0119 danych osobowych u\u017cytkownik\u00f3w. Traktujemy dane osobowe u\u017cytkownik\u00f3w poufnie i zgodnie z ustawowymi przepisami o ochronie danych oraz niniejsz\u0105 polityk\u0105 prywatno\u015bci. Korzystanie z naszej strony internetowej jest zasadniczo mo\u017cliwe bez podawania danych osobowych. Je\u015bli na naszej stronie internetowej gromadzone s\u0105 dane osobowe (np. imi\u0119 i nazwisko, adres [&hellip;]<\/p>\n","protected":false},"author":1,"featured_media":0,"parent":0,"menu_order":0,"comment_status":"closed","ping_status":"closed","template":"elementor_header_footer","meta":{"footnotes":""},"class_list":["post-12896","page","type-page","status-publish","hentry"],"yoast_head":"<!-- This site is optimized with the Yoast SEO plugin v27.4 - https:\/\/yoast.com\/product\/yoast-seo-wordpress\/ -->\n<title>Polityka prywatno\u015bci - SchmierTec<\/title>\n<meta name=\"description\" content=\"Dowiedz si\u0119 wi\u0119cej o ochronie danych w Schmiertec - niezawodnie chronimy Twoje dane osobowe.\" \/>\n<meta name=\"robots\" content=\"index, follow, max-snippet:-1, max-image-preview:large, max-video-preview:-1\" \/>\n<link rel=\"canonical\" href=\"https:\/\/schmiertec.de\/pl\/polityka-prywatnosci\/\" \/>\n<meta property=\"og:locale\" content=\"pl_PL\" \/>\n<meta property=\"og:type\" content=\"article\" \/>\n<meta property=\"og:title\" content=\"Polityka prywatno\u015bci - SchmierTec\" \/>\n<meta property=\"og:description\" content=\"Dowiedz si\u0119 wi\u0119cej o ochronie danych w Schmiertec - niezawodnie chronimy Twoje dane osobowe.\" \/>\n<meta property=\"og:url\" content=\"https:\/\/schmiertec.de\/pl\/polityka-prywatnosci\/\" \/>\n<meta property=\"og:site_name\" content=\"SchmierTec\" \/>\n<meta property=\"article:modified_time\" content=\"2026-02-10T13:46:42+00:00\" \/>\n<meta name=\"twitter:card\" content=\"summary_large_image\" \/>\n<meta name=\"twitter:label1\" content=\"Szacowany czas czytania\" \/>\n\t<meta name=\"twitter:data1\" content=\"4 minuty\" \/>\n<script type=\"application\/ld+json\" class=\"yoast-schema-graph\">{\"@context\":\"https:\\\/\\\/schema.org\",\"@graph\":[{\"@type\":\"WebPage\",\"@id\":\"https:\\\/\\\/schmiertec.de\\\/pl\\\/polityka-prywatnosci\\\/\",\"url\":\"https:\\\/\\\/schmiertec.de\\\/pl\\\/polityka-prywatnosci\\\/\",\"name\":\"Polityka prywatno\u015bci - SchmierTec\",\"isPartOf\":{\"@id\":\"https:\\\/\\\/schmiertec.de\\\/pl\\\/#website\"},\"datePublished\":\"2024-01-27T12:23:32+00:00\",\"dateModified\":\"2026-02-10T13:46:42+00:00\",\"description\":\"Dowiedz si\u0119 wi\u0119cej o ochronie danych w Schmiertec - niezawodnie chronimy Twoje dane osobowe.\",\"breadcrumb\":{\"@id\":\"https:\\\/\\\/schmiertec.de\\\/pl\\\/polityka-prywatnosci\\\/#breadcrumb\"},\"inLanguage\":\"pl-PL\",\"potentialAction\":[{\"@type\":\"ReadAction\",\"target\":[\"https:\\\/\\\/schmiertec.de\\\/pl\\\/polityka-prywatnosci\\\/\"]}]},{\"@type\":\"BreadcrumbList\",\"@id\":\"https:\\\/\\\/schmiertec.de\\\/pl\\\/polityka-prywatnosci\\\/#breadcrumb\",\"itemListElement\":[{\"@type\":\"ListItem\",\"position\":1,\"name\":\"Startseite\",\"item\":\"https:\\\/\\\/schmiertec.de\\\/pl\\\/strona-glowna\\\/\"},{\"@type\":\"ListItem\",\"position\":2,\"name\":\"Polityka prywatno\u015bci\"}]},{\"@type\":\"WebSite\",\"@id\":\"https:\\\/\\\/schmiertec.de\\\/pl\\\/#website\",\"url\":\"https:\\\/\\\/schmiertec.de\\\/pl\\\/\",\"name\":\"SchmierTec\",\"description\":\"Kettenschmierung und Zentralschmierung\",\"publisher\":{\"@id\":\"https:\\\/\\\/schmiertec.de\\\/pl\\\/#organization\"},\"potentialAction\":[{\"@type\":\"SearchAction\",\"target\":{\"@type\":\"EntryPoint\",\"urlTemplate\":\"https:\\\/\\\/schmiertec.de\\\/pl\\\/?s={search_term_string}\"},\"query-input\":{\"@type\":\"PropertyValueSpecification\",\"valueRequired\":true,\"valueName\":\"search_term_string\"}}],\"inLanguage\":\"pl-PL\"},{\"@type\":\"Organization\",\"@id\":\"https:\\\/\\\/schmiertec.de\\\/pl\\\/#organization\",\"name\":\"STW - Kim Friedrich GmbH\",\"alternateName\":\"SchmierTec\",\"url\":\"https:\\\/\\\/schmiertec.de\\\/pl\\\/\",\"logo\":{\"@type\":\"ImageObject\",\"inLanguage\":\"pl-PL\",\"@id\":\"https:\\\/\\\/schmiertec.de\\\/pl\\\/#\\\/schema\\\/logo\\\/image\\\/\",\"url\":\"https:\\\/\\\/schmiertec.de\\\/wp-content\\\/uploads\\\/2024\\\/01\\\/Logo_Startseite.png\",\"contentUrl\":\"https:\\\/\\\/schmiertec.de\\\/wp-content\\\/uploads\\\/2024\\\/01\\\/Logo_Startseite.png\",\"width\":1700,\"height\":1701,\"caption\":\"STW - Kim Friedrich GmbH\"},\"image\":{\"@id\":\"https:\\\/\\\/schmiertec.de\\\/pl\\\/#\\\/schema\\\/logo\\\/image\\\/\"}}]}<\/script>\n<!-- \/ Yoast SEO plugin. -->","yoast_head_json":{"title":"Polityka prywatno\u015bci - SchmierTec","description":"Dowiedz si\u0119 wi\u0119cej o ochronie danych w Schmiertec - niezawodnie chronimy Twoje dane osobowe.","robots":{"index":"index","follow":"follow","max-snippet":"max-snippet:-1","max-image-preview":"max-image-preview:large","max-video-preview":"max-video-preview:-1"},"canonical":"https:\/\/schmiertec.de\/pl\/polityka-prywatnosci\/","og_locale":"pl_PL","og_type":"article","og_title":"Polityka prywatno\u015bci - SchmierTec","og_description":"Dowiedz si\u0119 wi\u0119cej o ochronie danych w Schmiertec - niezawodnie chronimy Twoje dane osobowe.","og_url":"https:\/\/schmiertec.de\/pl\/polityka-prywatnosci\/","og_site_name":"SchmierTec","article_modified_time":"2026-02-10T13:46:42+00:00","twitter_card":"summary_large_image","twitter_misc":{"Szacowany czas czytania":"4 minuty"},"schema":{"@context":"https:\/\/schema.org","@graph":[{"@type":"WebPage","@id":"https:\/\/schmiertec.de\/pl\/polityka-prywatnosci\/","url":"https:\/\/schmiertec.de\/pl\/polityka-prywatnosci\/","name":"Polityka prywatno\u015bci - SchmierTec","isPartOf":{"@id":"https:\/\/schmiertec.de\/pl\/#website"},"datePublished":"2024-01-27T12:23:32+00:00","dateModified":"2026-02-10T13:46:42+00:00","description":"Dowiedz si\u0119 wi\u0119cej o ochronie danych w Schmiertec - niezawodnie chronimy Twoje dane osobowe.","breadcrumb":{"@id":"https:\/\/schmiertec.de\/pl\/polityka-prywatnosci\/#breadcrumb"},"inLanguage":"pl-PL","potentialAction":[{"@type":"ReadAction","target":["https:\/\/schmiertec.de\/pl\/polityka-prywatnosci\/"]}]},{"@type":"BreadcrumbList","@id":"https:\/\/schmiertec.de\/pl\/polityka-prywatnosci\/#breadcrumb","itemListElement":[{"@type":"ListItem","position":1,"name":"Startseite","item":"https:\/\/schmiertec.de\/pl\/strona-glowna\/"},{"@type":"ListItem","position":2,"name":"Polityka prywatno\u015bci"}]},{"@type":"WebSite","@id":"https:\/\/schmiertec.de\/pl\/#website","url":"https:\/\/schmiertec.de\/pl\/","name":"SchmierTec","description":"Kettenschmierung und Zentralschmierung","publisher":{"@id":"https:\/\/schmiertec.de\/pl\/#organization"},"potentialAction":[{"@type":"SearchAction","target":{"@type":"EntryPoint","urlTemplate":"https:\/\/schmiertec.de\/pl\/?s={search_term_string}"},"query-input":{"@type":"PropertyValueSpecification","valueRequired":true,"valueName":"search_term_string"}}],"inLanguage":"pl-PL"},{"@type":"Organization","@id":"https:\/\/schmiertec.de\/pl\/#organization","name":"STW - Kim Friedrich GmbH","alternateName":"SchmierTec","url":"https:\/\/schmiertec.de\/pl\/","logo":{"@type":"ImageObject","inLanguage":"pl-PL","@id":"https:\/\/schmiertec.de\/pl\/#\/schema\/logo\/image\/","url":"https:\/\/schmiertec.de\/wp-content\/uploads\/2024\/01\/Logo_Startseite.png","contentUrl":"https:\/\/schmiertec.de\/wp-content\/uploads\/2024\/01\/Logo_Startseite.png","width":1700,"height":1701,"caption":"STW - Kim Friedrich GmbH"},"image":{"@id":"https:\/\/schmiertec.de\/pl\/#\/schema\/logo\/image\/"}}]}},"_links":{"self":[{"href":"https:\/\/schmiertec.de\/pl\/wp-json\/wp\/v2\/pages\/12896","targetHints":{"allow":["GET"]}}],"collection":[{"href":"https:\/\/schmiertec.de\/pl\/wp-json\/wp\/v2\/pages"}],"about":[{"href":"https:\/\/schmiertec.de\/pl\/wp-json\/wp\/v2\/types\/page"}],"author":[{"embeddable":true,"href":"https:\/\/schmiertec.de\/pl\/wp-json\/wp\/v2\/users\/1"}],"replies":[{"embeddable":true,"href":"https:\/\/schmiertec.de\/pl\/wp-json\/wp\/v2\/comments?post=12896"}],"version-history":[{"count":1,"href":"https:\/\/schmiertec.de\/pl\/wp-json\/wp\/v2\/pages\/12896\/revisions"}],"predecessor-version":[{"id":12898,"href":"https:\/\/schmiertec.de\/pl\/wp-json\/wp\/v2\/pages\/12896\/revisions\/12898"}],"wp:attachment":[{"href":"https:\/\/schmiertec.de\/pl\/wp-json\/wp\/v2\/media?parent=12896"}],"curies":[{"name":"wp","href":"https:\/\/api.w.org\/{rel}","templated":true}]}}