{"id":14447,"date":"2025-09-26T09:55:08","date_gmt":"2025-09-26T07:55:08","guid":{"rendered":"https:\/\/schmiertec.de\/produkt\/non class\u00e9\/pompe-de-lubrification-centralisee-lincoln-qls-301-standard\/"},"modified":"2025-09-26T09:55:08","modified_gmt":"2025-09-26T07:55:08","slug":"pompe-de-lubrification-centralisee-lincoln-qls-301-standard","status":"publish","type":"product","link":"https:\/\/schmiertec.de\/fr\/produkt\/lubrification-a-la-graisse\/appareils-de-lubrification-centralisee\/pompe-de-lubrification-centralisee-lincoln-qls-301-standard\/","title":{"rendered":"Pompe de lubrification centralis\u00e9e Lincoln QLS 301 standard"},"content":{"rendered":"","protected":false},"excerpt":{"rendered":"<p>Pompe \u00e0 graisse Lincoln type QLS 301 en version standard, c&rsquo;est-\u00e0-dire dans une configuration qui est le plus souvent n\u00e9cessaire.<br \/>\nParmi ces caract\u00e9ristiques, citons :<br \/>\n- Pression de service : max. 205 bar<br \/>\n- Avec indicateur de vide<br \/>\n- D\u00e9bit standard : env.1 cm\u00b3\/min<br \/>\n- Distributeur de lubrifiant SSV mont\u00e9<br \/>\n- Lubrifiants : graisses jusqu&rsquo;\u00e0 NLGI II<br \/>\n- Temp\u00e9rature de fonctionnement : -25 \u00b0C \u00e0 70 \u00b0C<br \/>\n- Plaque suiveuse \u00e0 ressort<br \/>\n- Remplissage par graisseur<br \/>\n- Raccords :<br \/>\n1 \u00d7 gauche pour l&rsquo;alimentation \u00e9lectrique (V CC \/ V CA), connecteur en forme de cube ; pour les applications industrielles<br \/>\n1 \u00d7 droite pour le contr\u00f4le externe du niveau de remplissage (message de vide)<br \/>\nou l&rsquo;affichage des d\u00e9fauts, connecteur en forme de cube ; pour les applications industrielles<br \/>\n- Dimensions : max. 237 \u00d7 235 \u00d7 270 mm  <\/p>\n","protected":false},"featured_media":0,"template":"","meta":[],"product_brand":[],"product_cat":[1719,1269],"product_tag":[1723,1510,1512,1505,1720,1725,1513,1724,1722,1721,1511],"class_list":{"0":"post-14447","1":"product","2":"type-product","3":"status-publish","5":"product_cat-appareils-de-lubrification-centralisee","6":"product_cat-lubrification-a-la-graisse","7":"product_tag-dispositif-de-lubrification-a-la-graisse","8":"product_tag-graissage-centralise","9":"product_tag-graisseur-central","10":"product_tag-lubrification-a-la-graisse","11":"product_tag-lubrification-automatique","12":"product_tag-lubrification-des-glissieres","13":"product_tag-lubrification-des-roulements","14":"product_tag-pompe-a-graisse","15":"product_tag-pompe-lincoln","16":"product_tag-pompe-skf","17":"product_tag-systeme-de-lubrification-centralisee","18":"pa_spannung-12-vdc","19":"pa_spannung-230-vac","20":"pa_spannung-24-vdc","21":"pa_steuerung-avec","22":"pa_steuerung-sans","24":"first","25":"instock","26":"sale","27":"taxable","28":"shipping-taxable","29":"purchasable","30":"product-type-variable"},"yoast_head":"<!-- This site is optimized with the Yoast SEO plugin v27.4 - https:\/\/yoast.com\/product\/yoast-seo-wordpress\/ -->\n<title>Pompe de lubrification centralis\u00e9e Lincoln QLS 301 standard - SchmierTec<\/title>\n<meta name=\"robots\" content=\"index, follow, max-snippet:-1, max-image-preview:large, max-video-preview:-1\" \/>\n<link rel=\"canonical\" href=\"https:\/\/schmiertec.de\/fr\/produkt\/lubrification-a-la-graisse\/appareils-de-lubrification-centralisee\/pompe-de-lubrification-centralisee-lincoln-qls-301-standard\/\" \/>\n<meta property=\"og:locale\" content=\"fr_FR\" \/>\n<meta property=\"og:type\" content=\"article\" \/>\n<meta property=\"og:title\" content=\"Pompe de lubrification centralis\u00e9e Lincoln QLS 301 standard - SchmierTec\" \/>\n<meta property=\"og:description\" content=\"Pompe \u00e0 graisse Lincoln type QLS 301 en version standard, c&#039;est-\u00e0-dire dans une configuration qui est le plus souvent n\u00e9cessaire. Parmi ces caract\u00e9ristiques, citons : - Pression de service : max. 205 bar - Avec indicateur de vide - D\u00e9bit standard : env.1 cm\u00b3\/min - Distributeur de lubrifiant SSV mont\u00e9 - Lubrifiants : graisses jusqu&#039;\u00e0 NLGI II - Temp\u00e9rature de fonctionnement : -25 \u00b0C \u00e0 70 \u00b0C - Plaque suiveuse \u00e0 ressort - Remplissage par graisseur - Raccords : 1 \u00d7 gauche pour l&#039;alimentation \u00e9lectrique (V CC \/ V CA), connecteur en forme de cube ; pour les applications industrielles 1 \u00d7 droite pour le contr\u00f4le externe du niveau de remplissage (message de vide) ou l&#039;affichage des d\u00e9fauts, connecteur en forme de cube ; pour les applications industrielles - Dimensions : max. 237 \u00d7 235 \u00d7 270 mm\" \/>\n<meta property=\"og:url\" content=\"https:\/\/schmiertec.de\/fr\/produkt\/lubrification-a-la-graisse\/appareils-de-lubrification-centralisee\/pompe-de-lubrification-centralisee-lincoln-qls-301-standard\/\" \/>\n<meta property=\"og:site_name\" content=\"SchmierTec\" \/>\n<meta name=\"twitter:card\" content=\"summary_large_image\" \/>\n<script type=\"application\/ld+json\" class=\"yoast-schema-graph\">{\"@context\":\"https:\\\/\\\/schema.org\",\"@graph\":[{\"@type\":\"WebPage\",\"@id\":\"https:\\\/\\\/schmiertec.de\\\/fr\\\/produkt\\\/lubrification-a-la-graisse\\\/appareils-de-lubrification-centralisee\\\/pompe-de-lubrification-centralisee-lincoln-qls-301-standard\\\/\",\"url\":\"https:\\\/\\\/schmiertec.de\\\/fr\\\/produkt\\\/lubrification-a-la-graisse\\\/appareils-de-lubrification-centralisee\\\/pompe-de-lubrification-centralisee-lincoln-qls-301-standard\\\/\",\"name\":\"Pompe de lubrification centralis\u00e9e Lincoln QLS 301 standard - SchmierTec\",\"isPartOf\":{\"@id\":\"https:\\\/\\\/schmiertec.de\\\/fr\\\/#website\"},\"datePublished\":\"2025-09-26T07:55:08+00:00\",\"breadcrumb\":{\"@id\":\"https:\\\/\\\/schmiertec.de\\\/fr\\\/produkt\\\/lubrification-a-la-graisse\\\/appareils-de-lubrification-centralisee\\\/pompe-de-lubrification-centralisee-lincoln-qls-301-standard\\\/#breadcrumb\"},\"inLanguage\":\"fr-FR\",\"potentialAction\":[{\"@type\":\"ReadAction\",\"target\":[\"https:\\\/\\\/schmiertec.de\\\/fr\\\/produkt\\\/lubrification-a-la-graisse\\\/appareils-de-lubrification-centralisee\\\/pompe-de-lubrification-centralisee-lincoln-qls-301-standard\\\/\"]}]},{\"@type\":\"BreadcrumbList\",\"@id\":\"https:\\\/\\\/schmiertec.de\\\/fr\\\/produkt\\\/lubrification-a-la-graisse\\\/appareils-de-lubrification-centralisee\\\/pompe-de-lubrification-centralisee-lincoln-qls-301-standard\\\/#breadcrumb\",\"itemListElement\":[{\"@type\":\"ListItem\",\"position\":1,\"name\":\"Startseite\",\"item\":\"https:\\\/\\\/schmiertec.de\\\/fr\\\/accueil\\\/\"},{\"@type\":\"ListItem\",\"position\":2,\"name\":\"Produits\",\"item\":\"https:\\\/\\\/schmiertec.de\\\/fr\\\/shop\\\/\"},{\"@type\":\"ListItem\",\"position\":3,\"name\":\"Pompe de lubrification centralis\u00e9e Lincoln QLS 301 standard\"}]},{\"@type\":\"WebSite\",\"@id\":\"https:\\\/\\\/schmiertec.de\\\/fr\\\/#website\",\"url\":\"https:\\\/\\\/schmiertec.de\\\/fr\\\/\",\"name\":\"SchmierTec\",\"description\":\"Kettenschmierung und Zentralschmierung\",\"publisher\":{\"@id\":\"https:\\\/\\\/schmiertec.de\\\/fr\\\/#organization\"},\"potentialAction\":[{\"@type\":\"SearchAction\",\"target\":{\"@type\":\"EntryPoint\",\"urlTemplate\":\"https:\\\/\\\/schmiertec.de\\\/fr\\\/?s={search_term_string}\"},\"query-input\":{\"@type\":\"PropertyValueSpecification\",\"valueRequired\":true,\"valueName\":\"search_term_string\"}}],\"inLanguage\":\"fr-FR\"},{\"@type\":\"Organization\",\"@id\":\"https:\\\/\\\/schmiertec.de\\\/fr\\\/#organization\",\"name\":\"STW - Kim Friedrich GmbH\",\"alternateName\":\"SchmierTec\",\"url\":\"https:\\\/\\\/schmiertec.de\\\/fr\\\/\",\"logo\":{\"@type\":\"ImageObject\",\"inLanguage\":\"fr-FR\",\"@id\":\"https:\\\/\\\/schmiertec.de\\\/fr\\\/#\\\/schema\\\/logo\\\/image\\\/\",\"url\":\"https:\\\/\\\/schmiertec.de\\\/wp-content\\\/uploads\\\/2024\\\/01\\\/Logo_Startseite.png\",\"contentUrl\":\"https:\\\/\\\/schmiertec.de\\\/wp-content\\\/uploads\\\/2024\\\/01\\\/Logo_Startseite.png\",\"width\":1700,\"height\":1701,\"caption\":\"STW - Kim Friedrich GmbH\"},\"image\":{\"@id\":\"https:\\\/\\\/schmiertec.de\\\/fr\\\/#\\\/schema\\\/logo\\\/image\\\/\"}}]}<\/script>\n<!-- \/ Yoast SEO plugin. -->","yoast_head_json":{"title":"Pompe de lubrification centralis\u00e9e Lincoln QLS 301 standard - SchmierTec","robots":{"index":"index","follow":"follow","max-snippet":"max-snippet:-1","max-image-preview":"max-image-preview:large","max-video-preview":"max-video-preview:-1"},"canonical":"https:\/\/schmiertec.de\/fr\/produkt\/lubrification-a-la-graisse\/appareils-de-lubrification-centralisee\/pompe-de-lubrification-centralisee-lincoln-qls-301-standard\/","og_locale":"fr_FR","og_type":"article","og_title":"Pompe de lubrification centralis\u00e9e Lincoln QLS 301 standard - SchmierTec","og_description":"Pompe \u00e0 graisse Lincoln type QLS 301 en version standard, c'est-\u00e0-dire dans une configuration qui est le plus souvent n\u00e9cessaire. Parmi ces caract\u00e9ristiques, citons : - Pression de service : max. 205 bar - Avec indicateur de vide - D\u00e9bit standard : env.1 cm\u00b3\/min - Distributeur de lubrifiant SSV mont\u00e9 - Lubrifiants : graisses jusqu'\u00e0 NLGI II - Temp\u00e9rature de fonctionnement : -25 \u00b0C \u00e0 70 \u00b0C - Plaque suiveuse \u00e0 ressort - Remplissage par graisseur - Raccords : 1 \u00d7 gauche pour l'alimentation \u00e9lectrique (V CC \/ V CA), connecteur en forme de cube ; pour les applications industrielles 1 \u00d7 droite pour le contr\u00f4le externe du niveau de remplissage (message de vide) ou l'affichage des d\u00e9fauts, connecteur en forme de cube ; pour les applications industrielles - Dimensions : max. 237 \u00d7 235 \u00d7 270 mm","og_url":"https:\/\/schmiertec.de\/fr\/produkt\/lubrification-a-la-graisse\/appareils-de-lubrification-centralisee\/pompe-de-lubrification-centralisee-lincoln-qls-301-standard\/","og_site_name":"SchmierTec","twitter_card":"summary_large_image","schema":{"@context":"https:\/\/schema.org","@graph":[{"@type":"WebPage","@id":"https:\/\/schmiertec.de\/fr\/produkt\/lubrification-a-la-graisse\/appareils-de-lubrification-centralisee\/pompe-de-lubrification-centralisee-lincoln-qls-301-standard\/","url":"https:\/\/schmiertec.de\/fr\/produkt\/lubrification-a-la-graisse\/appareils-de-lubrification-centralisee\/pompe-de-lubrification-centralisee-lincoln-qls-301-standard\/","name":"Pompe de lubrification centralis\u00e9e Lincoln QLS 301 standard - SchmierTec","isPartOf":{"@id":"https:\/\/schmiertec.de\/fr\/#website"},"datePublished":"2025-09-26T07:55:08+00:00","breadcrumb":{"@id":"https:\/\/schmiertec.de\/fr\/produkt\/lubrification-a-la-graisse\/appareils-de-lubrification-centralisee\/pompe-de-lubrification-centralisee-lincoln-qls-301-standard\/#breadcrumb"},"inLanguage":"fr-FR","potentialAction":[{"@type":"ReadAction","target":["https:\/\/schmiertec.de\/fr\/produkt\/lubrification-a-la-graisse\/appareils-de-lubrification-centralisee\/pompe-de-lubrification-centralisee-lincoln-qls-301-standard\/"]}]},{"@type":"BreadcrumbList","@id":"https:\/\/schmiertec.de\/fr\/produkt\/lubrification-a-la-graisse\/appareils-de-lubrification-centralisee\/pompe-de-lubrification-centralisee-lincoln-qls-301-standard\/#breadcrumb","itemListElement":[{"@type":"ListItem","position":1,"name":"Startseite","item":"https:\/\/schmiertec.de\/fr\/accueil\/"},{"@type":"ListItem","position":2,"name":"Produits","item":"https:\/\/schmiertec.de\/fr\/shop\/"},{"@type":"ListItem","position":3,"name":"Pompe de lubrification centralis\u00e9e Lincoln QLS 301 standard"}]},{"@type":"WebSite","@id":"https:\/\/schmiertec.de\/fr\/#website","url":"https:\/\/schmiertec.de\/fr\/","name":"SchmierTec","description":"Kettenschmierung und Zentralschmierung","publisher":{"@id":"https:\/\/schmiertec.de\/fr\/#organization"},"potentialAction":[{"@type":"SearchAction","target":{"@type":"EntryPoint","urlTemplate":"https:\/\/schmiertec.de\/fr\/?s={search_term_string}"},"query-input":{"@type":"PropertyValueSpecification","valueRequired":true,"valueName":"search_term_string"}}],"inLanguage":"fr-FR"},{"@type":"Organization","@id":"https:\/\/schmiertec.de\/fr\/#organization","name":"STW - Kim Friedrich GmbH","alternateName":"SchmierTec","url":"https:\/\/schmiertec.de\/fr\/","logo":{"@type":"ImageObject","inLanguage":"fr-FR","@id":"https:\/\/schmiertec.de\/fr\/#\/schema\/logo\/image\/","url":"https:\/\/schmiertec.de\/wp-content\/uploads\/2024\/01\/Logo_Startseite.png","contentUrl":"https:\/\/schmiertec.de\/wp-content\/uploads\/2024\/01\/Logo_Startseite.png","width":1700,"height":1701,"caption":"STW - Kim Friedrich GmbH"},"image":{"@id":"https:\/\/schmiertec.de\/fr\/#\/schema\/logo\/image\/"}}]}},"_links":{"self":[{"href":"https:\/\/schmiertec.de\/fr\/wp-json\/wp\/v2\/product\/14447","targetHints":{"allow":["GET"]}}],"collection":[{"href":"https:\/\/schmiertec.de\/fr\/wp-json\/wp\/v2\/product"}],"about":[{"href":"https:\/\/schmiertec.de\/fr\/wp-json\/wp\/v2\/types\/product"}],"version-history":[{"count":0,"href":"https:\/\/schmiertec.de\/fr\/wp-json\/wp\/v2\/product\/14447\/revisions"}],"wp:attachment":[{"href":"https:\/\/schmiertec.de\/fr\/wp-json\/wp\/v2\/media?parent=14447"}],"wp:term":[{"taxonomy":"product_brand","embeddable":true,"href":"https:\/\/schmiertec.de\/fr\/wp-json\/wp\/v2\/product_brand?post=14447"},{"taxonomy":"product_cat","embeddable":true,"href":"https:\/\/schmiertec.de\/fr\/wp-json\/wp\/v2\/product_cat?post=14447"},{"taxonomy":"product_tag","embeddable":true,"href":"https:\/\/schmiertec.de\/fr\/wp-json\/wp\/v2\/product_tag?post=14447"}],"curies":[{"name":"wp","href":"https:\/\/api.w.org\/{rel}","templated":true}]}}