{"id":16026,"date":"2026-02-18T18:17:37","date_gmt":"2026-02-18T16:17:37","guid":{"rendered":"https:\/\/schmiertec.de\/lubrification-par-quantites-minimales\/"},"modified":"2026-02-18T20:10:32","modified_gmt":"2026-02-18T18:10:32","slug":"lubrification-par-quantites-minimales","status":"publish","type":"page","link":"https:\/\/schmiertec.de\/fr\/lubrification-par-quantites-minimales\/","title":{"rendered":"Lubrification par quantit\u00e9s minimales"},"content":{"rendered":"\t\t<div data-elementor-type=\"wp-page\" data-elementor-id=\"16026\" class=\"elementor elementor-16026 elementor-16021\" data-elementor-post-type=\"page\">\n\t\t\t\t<div class=\"elementor-element elementor-element-17f95fd3 e-flex e-con-boxed e-con e-parent\" data-id=\"17f95fd3\" data-element_type=\"container\" data-e-type=\"container\" id=\"kettenschmiergeraete\" data-settings=\"{&quot;background_background&quot;:&quot;classic&quot;}\">\n\t\t\t\t\t<div class=\"e-con-inner\">\n\t\t\t\t<div class=\"elementor-element elementor-element-68b08a10 elementor-widget elementor-widget-heading\" data-id=\"68b08a10\" data-element_type=\"widget\" data-e-type=\"widget\" data-widget_type=\"heading.default\">\n\t\t\t\t<div class=\"elementor-widget-container\">\n\t\t\t\t\t<h1 class=\"elementor-heading-title elementor-size-default\">Lubrification par quantit\u00e9s minimales de STW<\/h1>\t\t\t\t<\/div>\n\t\t\t\t<\/div>\n\t\t\t\t<div class=\"elementor-element elementor-element-40de3b41 elementor-widget elementor-widget-text-editor\" data-id=\"40de3b41\" data-element_type=\"widget\" data-e-type=\"widget\" data-widget_type=\"text-editor.default\">\n\t\t\t\t<div class=\"elementor-widget-container\">\n\t\t\t\t\t\t\t\t\t<p>Appliquer de tr\u00e8s petites quantit\u00e9s de lubrifiant \u00e0 un point de lubrification, sans contact, de mani\u00e8re pr\u00e9cise et reproductible. C&rsquo;est ainsi que se d\u00e9finit la lubrification par quantit\u00e9s minimales.  Quelle est la meilleure fa\u00e7on de r\u00e9pondre \u00e0 ces exigences ? Avec des buses de pulv\u00e9risation bimati\u00e8re combin\u00e9es \u00e0 des pompes de microdosage.  Seule cette conception de syst\u00e8mes de lubrification par quantit\u00e9s minimales permet un contr\u00f4le total du d\u00e9bit, car chaque course de piston est r\u00e9glable en termes de volume dos\u00e9 et de vitesse de cycle.  <\/p>\t\t\t\t\t\t\t\t<\/div>\n\t\t\t\t<\/div>\n\t\t\t\t\t<\/div>\n\t\t\t\t<\/div>\n\t\t<div class=\"elementor-element elementor-element-121cecbd e-flex e-con-boxed e-con e-parent\" data-id=\"121cecbd\" data-element_type=\"container\" data-e-type=\"container\">\n\t\t\t\t\t<div class=\"e-con-inner\">\n\t\t<div class=\"elementor-element elementor-element-58952642 e-con-full e-flex e-con e-child\" data-id=\"58952642\" data-element_type=\"container\" data-e-type=\"container\">\n\t\t\t\t<div class=\"elementor-element elementor-element-63df7542 elementor-widget elementor-widget-heading\" data-id=\"63df7542\" data-element_type=\"widget\" data-e-type=\"widget\" data-widget_type=\"heading.default\">\n\t\t\t\t<div class=\"elementor-widget-container\">\n\t\t\t\t\t<h2 class=\"elementor-heading-title elementor-size-default\">MDS.30-Eco<br>Pulv\u00e9risateur \u00e0 d\u00e9bit minimal<\/h2>\t\t\t\t<\/div>\n\t\t\t\t<\/div>\n\t\t\t\t<\/div>\n\t\t<div class=\"elementor-element elementor-element-27fce108 e-con-full e-flex e-con e-child\" data-id=\"27fce108\" data-element_type=\"container\" data-e-type=\"container\" data-settings=\"{&quot;background_background&quot;:&quot;classic&quot;}\">\n\t\t<a class=\"elementor-element elementor-element-aa75e5c e-con-full e-flex e-con e-child\" data-id=\"aa75e5c\" data-element_type=\"container\" data-e-type=\"container\" data-settings=\"{&quot;background_background&quot;:&quot;classic&quot;}\" href=\"https:\/\/schmiertec.de\/produkt\/oelschmierung-2\/minimalmengenschmierung\/minimalmengenschmierung-mds-eco\/\">\n\t\t\t\t<div class=\"elementor-element elementor-element-5c477b03 elementor-widget elementor-widget-image\" data-id=\"5c477b03\" data-element_type=\"widget\" data-e-type=\"widget\" data-widget_type=\"image.default\">\n\t\t\t\t<div class=\"elementor-widget-container\">\n\t\t\t\t\t\t\t\t\t\t\t\t\t\t\t<img loading=\"lazy\" decoding=\"async\" width=\"748\" height=\"748\" src=\"https:\/\/schmiertec.de\/wp-content\/uploads\/2026\/02\/Minimalmengenschmierung_MDS-30_M30.webp\" class=\"attachment-large size-large wp-image-13161\" alt=\"Dispositif de lubrification par quantit\u00e9s minimales\" srcset=\"https:\/\/schmiertec.de\/wp-content\/uploads\/2026\/02\/Minimalmengenschmierung_MDS-30_M30.webp 748w, https:\/\/schmiertec.de\/wp-content\/uploads\/2026\/02\/Minimalmengenschmierung_MDS-30_M30-300x300.webp 300w, https:\/\/schmiertec.de\/wp-content\/uploads\/2026\/02\/Minimalmengenschmierung_MDS-30_M30-150x150.webp 150w, https:\/\/schmiertec.de\/wp-content\/uploads\/2026\/02\/Minimalmengenschmierung_MDS-30_M30-600x600.webp 600w, https:\/\/schmiertec.de\/wp-content\/uploads\/2026\/02\/Minimalmengenschmierung_MDS-30_M30-100x100.webp 100w, https:\/\/schmiertec.de\/wp-content\/uploads\/2026\/02\/Minimalmengenschmierung_MDS-30_M30-64x64.webp 64w\" sizes=\"auto, (max-width: 748px) 100vw, 748px\" \/>\t\t\t\t\t\t\t\t\t\t\t\t\t\t\t<\/div>\n\t\t\t\t<\/div>\n\t\t\t\t<div class=\"elementor-element elementor-element-65b8ca70 elementor-widget elementor-widget-heading\" data-id=\"65b8ca70\" data-element_type=\"widget\" data-e-type=\"widget\" data-widget_type=\"heading.default\">\n\t\t\t\t<div class=\"elementor-widget-container\">\n\t\t\t\t\t<h2 class=\"elementor-heading-title elementor-size-default\">Kit de base VAK-LH 1\/8\"\nDiam\u00e8tre nominal \u00d83<\/h2>\t\t\t\t<\/div>\n\t\t\t\t<\/div>\n\t\t\t\t<div class=\"elementor-element elementor-element-23254bdb elementor-widget elementor-widget-text-editor\" data-id=\"23254bdb\" data-element_type=\"widget\" data-e-type=\"widget\" data-widget_type=\"text-editor.default\">\n\t\t\t\t<div class=\"elementor-widget-container\">\n\t\t\t\t\t\t\t\t\t<p>Kit de base \u00e9conomique pour d\u00e9marrer avec le syst\u00e8me VAK \u00ab\u00a0LockedHard\u00a0\u00bb de<br>SCHMIERTECHNIKWERK<\/p>\t\t\t\t\t\t\t\t<\/div>\n\t\t\t\t<\/div>\n\t\t\t\t<\/a>\n\t\t\t\t<\/div>\n\t\t\t\t\t<\/div>\n\t\t\t\t<\/div>\n\t\t<div class=\"elementor-element elementor-element-66e82b99 e-flex e-con-boxed e-con e-parent\" data-id=\"66e82b99\" data-element_type=\"container\" data-e-type=\"container\">\n\t\t\t\t\t<div class=\"e-con-inner\">\n\t\t<div class=\"elementor-element elementor-element-336aec28 e-con-full e-flex e-con e-child\" data-id=\"336aec28\" data-element_type=\"container\" data-e-type=\"container\">\n\t\t\t\t<div class=\"elementor-element elementor-element-6c3b92ed elementor-widget elementor-widget-heading\" data-id=\"6c3b92ed\" data-element_type=\"widget\" data-e-type=\"widget\" data-widget_type=\"heading.default\">\n\t\t\t\t<div class=\"elementor-widget-container\">\n\t\t\t\t\t<h2 class=\"elementor-heading-title elementor-size-default\">Buses de pulv\u00e9risation bi-mati\u00e8re<br>pour la lubrification par quantit\u00e9s minimales<\/h2>\t\t\t\t<\/div>\n\t\t\t\t<\/div>\n\t\t<div class=\"elementor-element elementor-element-7e36bf1 e-con-full e-flex e-con e-child\" data-id=\"7e36bf1\" data-element_type=\"container\" data-e-type=\"container\" data-settings=\"{&quot;background_background&quot;:&quot;classic&quot;}\">\n\t\t<a class=\"elementor-element elementor-element-17d795d2 e-con-full e-flex e-con e-child\" data-id=\"17d795d2\" data-element_type=\"container\" data-e-type=\"container\" data-settings=\"{&quot;background_background&quot;:&quot;classic&quot;}\" href=\"https:\/\/schmiertec.de\/produkt\/kuehlmittelschlauch\/vak-1-4-lh-flachstrahlduese-fsd41\/\">\n\t\t\t\t<div class=\"elementor-element elementor-element-a9b426 elementor-widget elementor-widget-image\" data-id=\"a9b426\" data-element_type=\"widget\" data-e-type=\"widget\" data-widget_type=\"image.default\">\n\t\t\t\t<div class=\"elementor-widget-container\">\n\t\t\t\t\t\t\t\t\t\t\t\t\t\t\t<img loading=\"lazy\" decoding=\"async\" width=\"567\" height=\"567\" src=\"https:\/\/schmiertec.de\/wp-content\/uploads\/2026\/01\/Kuehlmittelschlauch-Flachstrahlduese_FSD41.webp\" class=\"attachment-large size-large wp-image-12768\" alt=\"Buse \u00e0 jet plat en acier inoxydable\" srcset=\"https:\/\/schmiertec.de\/wp-content\/uploads\/2026\/01\/Kuehlmittelschlauch-Flachstrahlduese_FSD41.webp 567w, https:\/\/schmiertec.de\/wp-content\/uploads\/2026\/01\/Kuehlmittelschlauch-Flachstrahlduese_FSD41-300x300.webp 300w, https:\/\/schmiertec.de\/wp-content\/uploads\/2026\/01\/Kuehlmittelschlauch-Flachstrahlduese_FSD41-150x150.webp 150w, https:\/\/schmiertec.de\/wp-content\/uploads\/2026\/01\/Kuehlmittelschlauch-Flachstrahlduese_FSD41-100x100.webp 100w, https:\/\/schmiertec.de\/wp-content\/uploads\/2026\/01\/Kuehlmittelschlauch-Flachstrahlduese_FSD41-64x64.webp 64w\" sizes=\"auto, (max-width: 567px) 100vw, 567px\" \/>\t\t\t\t\t\t\t\t\t\t\t\t\t\t\t<\/div>\n\t\t\t\t<\/div>\n\t\t\t\t<div class=\"elementor-element elementor-element-57013d59 elementor-widget elementor-widget-heading\" data-id=\"57013d59\" data-element_type=\"widget\" data-e-type=\"widget\" data-widget_type=\"heading.default\">\n\t\t\t\t<div class=\"elementor-widget-container\">\n\t\t\t\t\t<h2 class=\"elementor-heading-title elementor-size-default\">Buse \u00e0 jet plat<br>Largeur 41<\/h2>\t\t\t\t<\/div>\n\t\t\t\t<\/div>\n\t\t\t\t<\/a>\n\t\t<a class=\"elementor-element elementor-element-751e4965 e-con-full e-flex e-con e-child\" data-id=\"751e4965\" data-element_type=\"container\" data-e-type=\"container\" data-settings=\"{&quot;background_background&quot;:&quot;classic&quot;}\" href=\"https:\/\/schmiertec.de\/produkt\/kuehlmittelschlauch\/vak-1-4-lh-flachstrahlduese-fsd64\/\">\n\t\t\t\t<div class=\"elementor-element elementor-element-4c1bf917 elementor-widget elementor-widget-image\" data-id=\"4c1bf917\" data-element_type=\"widget\" data-e-type=\"widget\" data-widget_type=\"image.default\">\n\t\t\t\t<div class=\"elementor-widget-container\">\n\t\t\t\t\t\t\t\t\t\t\t\t\t\t\t<img loading=\"lazy\" decoding=\"async\" width=\"567\" height=\"567\" src=\"https:\/\/schmiertec.de\/wp-content\/uploads\/2026\/01\/Kuehlmittelschlauch-Flachstrahlduese_FSD64.webp\" class=\"attachment-large size-large wp-image-12759\" alt=\"Tuyau d&#039;arrosage Buse \u00e0 jet plat\" srcset=\"https:\/\/schmiertec.de\/wp-content\/uploads\/2026\/01\/Kuehlmittelschlauch-Flachstrahlduese_FSD64.webp 567w, https:\/\/schmiertec.de\/wp-content\/uploads\/2026\/01\/Kuehlmittelschlauch-Flachstrahlduese_FSD64-300x300.webp 300w, https:\/\/schmiertec.de\/wp-content\/uploads\/2026\/01\/Kuehlmittelschlauch-Flachstrahlduese_FSD64-150x150.webp 150w, https:\/\/schmiertec.de\/wp-content\/uploads\/2026\/01\/Kuehlmittelschlauch-Flachstrahlduese_FSD64-100x100.webp 100w, https:\/\/schmiertec.de\/wp-content\/uploads\/2026\/01\/Kuehlmittelschlauch-Flachstrahlduese_FSD64-64x64.webp 64w\" sizes=\"auto, (max-width: 567px) 100vw, 567px\" \/>\t\t\t\t\t\t\t\t\t\t\t\t\t\t\t<\/div>\n\t\t\t\t<\/div>\n\t\t\t\t<div class=\"elementor-element elementor-element-4518694f elementor-widget elementor-widget-heading\" data-id=\"4518694f\" data-element_type=\"widget\" data-e-type=\"widget\" data-widget_type=\"heading.default\">\n\t\t\t\t<div class=\"elementor-widget-container\">\n\t\t\t\t\t<h2 class=\"elementor-heading-title elementor-size-default\">Buse \u00e0 jet plat<br>Largeur 64<\/h2>\t\t\t\t<\/div>\n\t\t\t\t<\/div>\n\t\t\t\t<\/a>\n\t\t\t\t<\/div>\n\t\t\t\t<\/div>\n\t\t\t\t\t<\/div>\n\t\t\t\t<\/div>\n\t\t\t\t<\/div>\n\t\t","protected":false},"excerpt":{"rendered":"<p>Lubrification par quantit\u00e9s minimales de STW Appliquer de tr\u00e8s petites quantit\u00e9s de lubrifiant \u00e0 un point de lubrification, sans contact, de mani\u00e8re pr\u00e9cise et reproductible. C&rsquo;est ainsi que se d\u00e9finit la lubrification par quantit\u00e9s minimales. Quelle est la meilleure fa\u00e7on de r\u00e9pondre \u00e0 ces exigences ? Avec des buses de pulv\u00e9risation bimati\u00e8re combin\u00e9es \u00e0 des [&hellip;]<\/p>\n","protected":false},"author":1,"featured_media":0,"parent":0,"menu_order":0,"comment_status":"closed","ping_status":"closed","template":"","meta":{"footnotes":""},"class_list":["post-16026","page","type-page","status-publish","hentry"],"yoast_head":"<!-- This site is optimized with the Yoast SEO plugin v27.3 - https:\/\/yoast.com\/product\/yoast-seo-wordpress\/ -->\n<title>Lubrification par quantit\u00e9s minimales - SchmierTec<\/title>\n<meta name=\"robots\" content=\"index, follow, max-snippet:-1, max-image-preview:large, max-video-preview:-1\" \/>\n<link rel=\"canonical\" href=\"https:\/\/schmiertec.de\/fr\/lubrification-par-quantites-minimales\/\" \/>\n<meta property=\"og:locale\" content=\"fr_FR\" \/>\n<meta property=\"og:type\" content=\"article\" \/>\n<meta property=\"og:title\" content=\"Lubrification par quantit\u00e9s minimales - SchmierTec\" \/>\n<meta property=\"og:description\" content=\"Lubrification par quantit\u00e9s minimales de STW Appliquer de tr\u00e8s petites quantit\u00e9s de lubrifiant \u00e0 un point de lubrification, sans contact, de mani\u00e8re pr\u00e9cise et reproductible. C&rsquo;est ainsi que se d\u00e9finit la lubrification par quantit\u00e9s minimales. Quelle est la meilleure fa\u00e7on de r\u00e9pondre \u00e0 ces exigences ? Avec des buses de pulv\u00e9risation bimati\u00e8re combin\u00e9es \u00e0 des [&hellip;]\" \/>\n<meta property=\"og:url\" content=\"https:\/\/schmiertec.de\/fr\/lubrification-par-quantites-minimales\/\" \/>\n<meta property=\"og:site_name\" content=\"SchmierTec\" \/>\n<meta property=\"article:modified_time\" content=\"2026-02-18T18:10:32+00:00\" \/>\n<meta property=\"og:image\" content=\"https:\/\/schmiertec.de\/wp-content\/uploads\/2026\/02\/Minimalmengenschmierung_MDS-30_M30.webp\" \/>\n\t<meta property=\"og:image:width\" content=\"748\" \/>\n\t<meta property=\"og:image:height\" content=\"748\" \/>\n\t<meta property=\"og:image:type\" content=\"image\/webp\" \/>\n<meta name=\"twitter:card\" content=\"summary_large_image\" \/>\n<meta name=\"twitter:label1\" content=\"Dur\u00e9e de lecture estim\u00e9e\" \/>\n\t<meta name=\"twitter:data1\" content=\"1 minute\" \/>\n<script type=\"application\/ld+json\" class=\"yoast-schema-graph\">{\"@context\":\"https:\\\/\\\/schema.org\",\"@graph\":[{\"@type\":\"WebPage\",\"@id\":\"https:\\\/\\\/schmiertec.de\\\/fr\\\/lubrification-par-quantites-minimales\\\/\",\"url\":\"https:\\\/\\\/schmiertec.de\\\/fr\\\/lubrification-par-quantites-minimales\\\/\",\"name\":\"Lubrification par quantit\u00e9s minimales - SchmierTec\",\"isPartOf\":{\"@id\":\"https:\\\/\\\/schmiertec.de\\\/fr\\\/#website\"},\"primaryImageOfPage\":{\"@id\":\"https:\\\/\\\/schmiertec.de\\\/fr\\\/lubrification-par-quantites-minimales\\\/#primaryimage\"},\"image\":{\"@id\":\"https:\\\/\\\/schmiertec.de\\\/fr\\\/lubrification-par-quantites-minimales\\\/#primaryimage\"},\"thumbnailUrl\":\"https:\\\/\\\/schmiertec.de\\\/wp-content\\\/uploads\\\/2026\\\/02\\\/Minimalmengenschmierung_MDS-30_M30.webp\",\"datePublished\":\"2026-02-18T16:17:37+00:00\",\"dateModified\":\"2026-02-18T18:10:32+00:00\",\"breadcrumb\":{\"@id\":\"https:\\\/\\\/schmiertec.de\\\/fr\\\/lubrification-par-quantites-minimales\\\/#breadcrumb\"},\"inLanguage\":\"fr-FR\",\"potentialAction\":[{\"@type\":\"ReadAction\",\"target\":[\"https:\\\/\\\/schmiertec.de\\\/fr\\\/lubrification-par-quantites-minimales\\\/\"]}]},{\"@type\":\"ImageObject\",\"inLanguage\":\"fr-FR\",\"@id\":\"https:\\\/\\\/schmiertec.de\\\/fr\\\/lubrification-par-quantites-minimales\\\/#primaryimage\",\"url\":\"https:\\\/\\\/schmiertec.de\\\/wp-content\\\/uploads\\\/2026\\\/02\\\/Minimalmengenschmierung_MDS-30_M30.webp\",\"contentUrl\":\"https:\\\/\\\/schmiertec.de\\\/wp-content\\\/uploads\\\/2026\\\/02\\\/Minimalmengenschmierung_MDS-30_M30.webp\"},{\"@type\":\"BreadcrumbList\",\"@id\":\"https:\\\/\\\/schmiertec.de\\\/fr\\\/lubrification-par-quantites-minimales\\\/#breadcrumb\",\"itemListElement\":[{\"@type\":\"ListItem\",\"position\":1,\"name\":\"Startseite\",\"item\":\"https:\\\/\\\/schmiertec.de\\\/fr\\\/accueil\\\/\"},{\"@type\":\"ListItem\",\"position\":2,\"name\":\"Lubrification par quantit\u00e9s minimales\"}]},{\"@type\":\"WebSite\",\"@id\":\"https:\\\/\\\/schmiertec.de\\\/fr\\\/#website\",\"url\":\"https:\\\/\\\/schmiertec.de\\\/fr\\\/\",\"name\":\"SchmierTec\",\"description\":\"Kettenschmierung und Zentralschmierung\",\"publisher\":{\"@id\":\"https:\\\/\\\/schmiertec.de\\\/fr\\\/#organization\"},\"potentialAction\":[{\"@type\":\"SearchAction\",\"target\":{\"@type\":\"EntryPoint\",\"urlTemplate\":\"https:\\\/\\\/schmiertec.de\\\/fr\\\/?s={search_term_string}\"},\"query-input\":{\"@type\":\"PropertyValueSpecification\",\"valueRequired\":true,\"valueName\":\"search_term_string\"}}],\"inLanguage\":\"fr-FR\"},{\"@type\":\"Organization\",\"@id\":\"https:\\\/\\\/schmiertec.de\\\/fr\\\/#organization\",\"name\":\"STW - Kim Friedrich GmbH\",\"alternateName\":\"SchmierTec\",\"url\":\"https:\\\/\\\/schmiertec.de\\\/fr\\\/\",\"logo\":{\"@type\":\"ImageObject\",\"inLanguage\":\"fr-FR\",\"@id\":\"https:\\\/\\\/schmiertec.de\\\/fr\\\/#\\\/schema\\\/logo\\\/image\\\/\",\"url\":\"https:\\\/\\\/schmiertec.de\\\/wp-content\\\/uploads\\\/2024\\\/01\\\/Logo_Startseite.png\",\"contentUrl\":\"https:\\\/\\\/schmiertec.de\\\/wp-content\\\/uploads\\\/2024\\\/01\\\/Logo_Startseite.png\",\"width\":1700,\"height\":1701,\"caption\":\"STW - Kim Friedrich GmbH\"},\"image\":{\"@id\":\"https:\\\/\\\/schmiertec.de\\\/fr\\\/#\\\/schema\\\/logo\\\/image\\\/\"}}]}<\/script>\n<!-- \/ Yoast SEO plugin. -->","yoast_head_json":{"title":"Lubrification par quantit\u00e9s minimales - SchmierTec","robots":{"index":"index","follow":"follow","max-snippet":"max-snippet:-1","max-image-preview":"max-image-preview:large","max-video-preview":"max-video-preview:-1"},"canonical":"https:\/\/schmiertec.de\/fr\/lubrification-par-quantites-minimales\/","og_locale":"fr_FR","og_type":"article","og_title":"Lubrification par quantit\u00e9s minimales - SchmierTec","og_description":"Lubrification par quantit\u00e9s minimales de STW Appliquer de tr\u00e8s petites quantit\u00e9s de lubrifiant \u00e0 un point de lubrification, sans contact, de mani\u00e8re pr\u00e9cise et reproductible. C&rsquo;est ainsi que se d\u00e9finit la lubrification par quantit\u00e9s minimales. Quelle est la meilleure fa\u00e7on de r\u00e9pondre \u00e0 ces exigences ? Avec des buses de pulv\u00e9risation bimati\u00e8re combin\u00e9es \u00e0 des [&hellip;]","og_url":"https:\/\/schmiertec.de\/fr\/lubrification-par-quantites-minimales\/","og_site_name":"SchmierTec","article_modified_time":"2026-02-18T18:10:32+00:00","og_image":[{"width":748,"height":748,"url":"https:\/\/schmiertec.de\/wp-content\/uploads\/2026\/02\/Minimalmengenschmierung_MDS-30_M30.webp","type":"image\/webp"}],"twitter_card":"summary_large_image","twitter_misc":{"Dur\u00e9e de lecture estim\u00e9e":"1 minute"},"schema":{"@context":"https:\/\/schema.org","@graph":[{"@type":"WebPage","@id":"https:\/\/schmiertec.de\/fr\/lubrification-par-quantites-minimales\/","url":"https:\/\/schmiertec.de\/fr\/lubrification-par-quantites-minimales\/","name":"Lubrification par quantit\u00e9s minimales - SchmierTec","isPartOf":{"@id":"https:\/\/schmiertec.de\/fr\/#website"},"primaryImageOfPage":{"@id":"https:\/\/schmiertec.de\/fr\/lubrification-par-quantites-minimales\/#primaryimage"},"image":{"@id":"https:\/\/schmiertec.de\/fr\/lubrification-par-quantites-minimales\/#primaryimage"},"thumbnailUrl":"https:\/\/schmiertec.de\/wp-content\/uploads\/2026\/02\/Minimalmengenschmierung_MDS-30_M30.webp","datePublished":"2026-02-18T16:17:37+00:00","dateModified":"2026-02-18T18:10:32+00:00","breadcrumb":{"@id":"https:\/\/schmiertec.de\/fr\/lubrification-par-quantites-minimales\/#breadcrumb"},"inLanguage":"fr-FR","potentialAction":[{"@type":"ReadAction","target":["https:\/\/schmiertec.de\/fr\/lubrification-par-quantites-minimales\/"]}]},{"@type":"ImageObject","inLanguage":"fr-FR","@id":"https:\/\/schmiertec.de\/fr\/lubrification-par-quantites-minimales\/#primaryimage","url":"https:\/\/schmiertec.de\/wp-content\/uploads\/2026\/02\/Minimalmengenschmierung_MDS-30_M30.webp","contentUrl":"https:\/\/schmiertec.de\/wp-content\/uploads\/2026\/02\/Minimalmengenschmierung_MDS-30_M30.webp"},{"@type":"BreadcrumbList","@id":"https:\/\/schmiertec.de\/fr\/lubrification-par-quantites-minimales\/#breadcrumb","itemListElement":[{"@type":"ListItem","position":1,"name":"Startseite","item":"https:\/\/schmiertec.de\/fr\/accueil\/"},{"@type":"ListItem","position":2,"name":"Lubrification par quantit\u00e9s minimales"}]},{"@type":"WebSite","@id":"https:\/\/schmiertec.de\/fr\/#website","url":"https:\/\/schmiertec.de\/fr\/","name":"SchmierTec","description":"Kettenschmierung und Zentralschmierung","publisher":{"@id":"https:\/\/schmiertec.de\/fr\/#organization"},"potentialAction":[{"@type":"SearchAction","target":{"@type":"EntryPoint","urlTemplate":"https:\/\/schmiertec.de\/fr\/?s={search_term_string}"},"query-input":{"@type":"PropertyValueSpecification","valueRequired":true,"valueName":"search_term_string"}}],"inLanguage":"fr-FR"},{"@type":"Organization","@id":"https:\/\/schmiertec.de\/fr\/#organization","name":"STW - Kim Friedrich GmbH","alternateName":"SchmierTec","url":"https:\/\/schmiertec.de\/fr\/","logo":{"@type":"ImageObject","inLanguage":"fr-FR","@id":"https:\/\/schmiertec.de\/fr\/#\/schema\/logo\/image\/","url":"https:\/\/schmiertec.de\/wp-content\/uploads\/2024\/01\/Logo_Startseite.png","contentUrl":"https:\/\/schmiertec.de\/wp-content\/uploads\/2024\/01\/Logo_Startseite.png","width":1700,"height":1701,"caption":"STW - Kim Friedrich GmbH"},"image":{"@id":"https:\/\/schmiertec.de\/fr\/#\/schema\/logo\/image\/"}}]}},"_links":{"self":[{"href":"https:\/\/schmiertec.de\/fr\/wp-json\/wp\/v2\/pages\/16026","targetHints":{"allow":["GET"]}}],"collection":[{"href":"https:\/\/schmiertec.de\/fr\/wp-json\/wp\/v2\/pages"}],"about":[{"href":"https:\/\/schmiertec.de\/fr\/wp-json\/wp\/v2\/types\/page"}],"author":[{"embeddable":true,"href":"https:\/\/schmiertec.de\/fr\/wp-json\/wp\/v2\/users\/1"}],"replies":[{"embeddable":true,"href":"https:\/\/schmiertec.de\/fr\/wp-json\/wp\/v2\/comments?post=16026"}],"version-history":[{"count":6,"href":"https:\/\/schmiertec.de\/fr\/wp-json\/wp\/v2\/pages\/16026\/revisions"}],"predecessor-version":[{"id":16064,"href":"https:\/\/schmiertec.de\/fr\/wp-json\/wp\/v2\/pages\/16026\/revisions\/16064"}],"wp:attachment":[{"href":"https:\/\/schmiertec.de\/fr\/wp-json\/wp\/v2\/media?parent=16026"}],"curies":[{"name":"wp","href":"https:\/\/api.w.org\/{rel}","templated":true}]}}