{"id":12935,"date":"2024-01-27T14:23:32","date_gmt":"2024-01-27T12:23:32","guid":{"rendered":"https:\/\/schmiertec.de\/declaration-de-confidentialite\/"},"modified":"2026-02-10T15:48:16","modified_gmt":"2026-02-10T13:48:16","slug":"declaration-de-confidentialite","status":"publish","type":"page","link":"https:\/\/schmiertec.de\/fr\/declaration-de-confidentialite\/","title":{"rendered":"D\u00e9claration de confidentialit\u00e9"},"content":{"rendered":"\t\t<div data-elementor-type=\"wp-page\" data-elementor-id=\"12935\" class=\"elementor elementor-12935 elementor-256\" data-elementor-post-type=\"page\">\n\t\t\t\t<div class=\"elementor-element elementor-element-ffc8dc0 e-flex e-con-boxed e-con e-parent\" data-id=\"ffc8dc0\" data-element_type=\"container\" data-e-type=\"container\">\n\t\t\t\t\t<div class=\"e-con-inner\">\n\t\t\t\t<div class=\"elementor-element elementor-element-04f141b elementor-widget elementor-widget-text-editor\" data-id=\"04f141b\" data-element_type=\"widget\" data-e-type=\"widget\" data-widget_type=\"text-editor.default\">\n\t\t\t\t<div class=\"elementor-widget-container\">\n\t\t\t\t\t\t\t\t\t<div class=\"elementor elementor-36476\" data-elementor-type=\"wp-page\" data-elementor-id=\"36476\" data-elementor-post-type=\"page\"><section class=\"elementor-section elementor-top-section elementor-element elementor-element-564e5db elementor-section-boxed elementor-section-height-default elementor-section-height-default\" data-id=\"564e5db\" data-element_type=\"section\"><div class=\"elementor-background-overlay\"> <\/div><div class=\"elementor-container elementor-column-gap-default\"><div class=\"elementor-column elementor-col-100 elementor-top-column elementor-element elementor-element-bbe9312\" data-id=\"bbe9312\" data-element_type=\"column\"><div class=\"elementor-widget-wrap elementor-element-populated\"><div class=\"elementor-element elementor-element-6744853 elementor-widget elementor-widget-spacer\" data-id=\"6744853\" data-element_type=\"widget\" data-widget_type=\"spacer.default\"><div class=\"elementor-widget-container\"><div class=\"elementor-spacer\"><div class=\"elementor-spacer-inner\"> <\/div><\/div><\/div><\/div><div class=\"elementor-element elementor-element-905aa00 elementor-widget elementor-widget-text-editor\" data-id=\"905aa00\" data-element_type=\"widget\" data-widget_type=\"text-editor.default\"><div class=\"elementor-widget-container\"><h1>D\u00e9claration de confidentialit\u00e9<\/h1><p> <\/p><h4>Protection des donn\u00e9es<\/h4><p>Schmiertechnikwerk prend tr\u00e8s au s\u00e9rieux la protection de vos donn\u00e9es personnelles. Nous traitons vos donn\u00e9es personnelles de mani\u00e8re confidentielle et conform\u00e9ment aux dispositions l\u00e9gales en mati\u00e8re de protection des donn\u00e9es et \u00e0 la pr\u00e9sente d\u00e9claration de confidentialit\u00e9. <\/p><p>L&rsquo;utilisation de notre site web est g\u00e9n\u00e9ralement possible sans indication de donn\u00e9es personnelles. Dans la mesure o\u00f9 des donn\u00e9es personnelles (par exemple nom, adresse ou adresse e-mail) sont collect\u00e9es sur notre site, cela se fait toujours, dans la mesure du possible, sur une base volontaire. Ces donn\u00e9es ne sont pas transmises \u00e0 des tiers sans votre accord explicite.  <\/p><p>Nous attirons votre attention sur le fait que la transmission de donn\u00e9es sur Internet (par ex. lors de la communication par e-mail) peut pr\u00e9senter des failles de s\u00e9curit\u00e9. Une protection compl\u00e8te des donn\u00e9es contre l&rsquo;acc\u00e8s par des tiers n&rsquo;est pas possible. <\/p><h3>Formulaire de contact<\/h3><p>Si vous nous envoyez des demandes par le biais du formulaire de contact, les informations que vous avez fournies dans le formulaire de demande, y compris les donn\u00e9es de contact que vous y avez indiqu\u00e9es, seront stock\u00e9es chez nous \u00e0 des fins de traitement de la demande et en cas de questions de suivi. Nous ne transmettons pas ces donn\u00e9es sans votre consentement. <\/p><h3>Cookies<\/h3><p>Les pages Internet utilisent en partie des cookies. Les cookies n&rsquo;endommagent pas votre ordinateur et ne contiennent pas de virus. Les cookies servent \u00e0 rendre notre offre plus conviviale, plus efficace et plus s\u00fbre. Les cookies sont de petits fichiers texte qui sont d\u00e9pos\u00e9s sur votre ordinateur et que votre navigateur enregistre.   <\/p><p>La plupart des cookies que nous utilisons sont des \u00ab\u00a0cookies de session\u00a0\u00bb. Ils sont automatiquement supprim\u00e9s \u00e0 la fin de votre visite. D&rsquo;autres cookies restent enregistr\u00e9s sur votre terminal jusqu&rsquo;\u00e0 ce que vous les supprimiez. Ces cookies nous permettent de reconna\u00eetre votre navigateur lors de votre prochaine visite.   <\/p><p>Vous pouvez configurer votre navigateur de mani\u00e8re \u00e0 \u00eatre inform\u00e9 de l&rsquo;installation de cookies et \u00e0 n&rsquo;autoriser les cookies qu&rsquo;au cas par cas, \u00e0 exclure l&rsquo;acceptation des cookies dans certains cas ou de mani\u00e8re g\u00e9n\u00e9rale, et \u00e0 activer la suppression automatique des cookies \u00e0 la fermeture du navigateur. Si vous d\u00e9sactivez les cookies, la fonctionnalit\u00e9 de ce site web peut \u00eatre limit\u00e9e. <\/p><h3>Fichiers journaux du serveur<\/h3><p>Le fournisseur des pages collecte et enregistre automatiquement des informations dans ce que l&rsquo;on appelle des fichiers journaux du serveur, que votre navigateur nous transmet automatiquement. Il s&rsquo;agit de <\/p><p>Type et version du navigateur<\/p><p>le syst\u00e8me d&rsquo;exploitation utilis\u00e9<\/p><p>URL de r\u00e9f\u00e9rence<\/p><p>Nom d&rsquo;h\u00f4te de l&rsquo;ordinateur qui acc\u00e8de au site<\/p><p>Heure de la demande du serveur<\/p><p>Ces donn\u00e9es ne peuvent pas \u00eatre attribu\u00e9es \u00e0 des personnes sp\u00e9cifiques. Nous n&rsquo;effectuons pas de recoupement de ces donn\u00e9es avec d&rsquo;autres sources de donn\u00e9es. Nous nous r\u00e9servons le droit de v\u00e9rifier ces donn\u00e9es ult\u00e9rieurement si nous avons connaissance d&rsquo;indices concrets d&rsquo;une utilisation ill\u00e9gale.  <\/p><h3>D\u00e9claration de confidentialit\u00e9 relative \u00e0 l&rsquo;utilisation de Google Analytics<\/h3><p>Ce site web utilise les fonctions du service d&rsquo;analyse web Google Analytics. Le fournisseur est Google Inc., 1600 Amphitheatre Parkway Mountain View, CA 94043, \u00c9tats-Unis.<\/p><p>Google Analytics utilise des \u00ab\u00a0cookies\u00a0\u00bb. Il s&rsquo;agit de fichiers texte qui sont enregistr\u00e9s sur votre ordinateur et qui permettent d&rsquo;analyser votre utilisation du site web. Les informations g\u00e9n\u00e9r\u00e9es par le cookie concernant votre utilisation de ce site Web sont g\u00e9n\u00e9ralement transmises \u00e0 un serveur de Google aux \u00c9tats-Unis et y sont stock\u00e9es.  <\/p><p>Pour plus d&rsquo;informations sur la mani\u00e8re dont Google Analytics traite les donn\u00e9es des utilisateurs, consultez la d\u00e9claration de confidentialit\u00e9 de Google <a href=\"https:\/\/support.google.com\/analytics\/answer\/6004245?hl=de\">: https:\/\/support.google.com\/analytics\/answer\/6004245?hl=de<\/a><\/p><h3>Plugin de navigateur<\/h3><p>Vous pouvez emp\u00eacher l&rsquo;enregistrement des cookies en param\u00e9trant votre navigateur en cons\u00e9quence ; nous attirons toutefois votre attention sur le fait que, dans ce cas, vous ne pourrez peut-\u00eatre pas utiliser toutes les fonctions de ce site web dans leur int\u00e9gralit\u00e9. Vous pouvez en outre emp\u00eacher la saisie par Google des donn\u00e9es g\u00e9n\u00e9r\u00e9es par le cookie et se rapportant \u00e0 votre utilisation du site Web (y compris votre adresse IP) ainsi que le traitement de ces donn\u00e9es par Google en t\u00e9l\u00e9chargeant et en installant le plug-in de navigateur disponible sous le lien suivant <a href=\"https:\/\/tools.google.com\/dlpage\/gaoptout?hl=de\">: https:\/\/tools.google.com\/dlpage\/gaoptout?hl=de<\/a> <\/p><p> <\/p><h3>Traitement des donn\u00e9es de commande<\/h3><p>Nous avons conclu un contrat de traitement des donn\u00e9es de commande avec Google et appliquons int\u00e9gralement les directives strictes des autorit\u00e9s allemandes de protection des donn\u00e9es lors de l&rsquo;utilisation de Google Analytics.<\/p><h3>Anonymisation des IP<\/h3><p>Nous utilisons la fonction \u00ab\u00a0Activation de l&rsquo;anonymisation IP\u00a0\u00bb sur ce site web. Toutefois, cela permet \u00e0 Google d&rsquo;abr\u00e9ger au pr\u00e9alable votre adresse IP dans les \u00c9tats membres de l&rsquo;Union europ\u00e9enne ou dans d&rsquo;autres \u00c9tats signataires de l&rsquo;accord sur l&rsquo;Espace \u00e9conomique europ\u00e9en. Ce n&rsquo;est que dans des cas exceptionnels que l&rsquo;adresse IP compl\u00e8te est transmise \u00e0 un serveur de Google aux \u00c9tats-Unis et y est abr\u00e9g\u00e9e. Google utilisera ces informations pour le compte de l&rsquo;exploitant de ce site web afin d&rsquo;\u00e9valuer votre utilisation du site web, de compiler des rapports sur l&rsquo;activit\u00e9 du site web et de fournir \u00e0 l&rsquo;exploitant du site web d&rsquo;autres services li\u00e9s \u00e0 l&rsquo;activit\u00e9 du site web et \u00e0 l&rsquo;utilisation d&rsquo;Internet. L&rsquo;adresse IP transmise par votre navigateur dans le cadre de Google Analytics ne sera pas recoup\u00e9e avec d&rsquo;autres donn\u00e9es de Google.    <\/p><p>Avis de confidentialit\u00e9 r\u00e9dig\u00e9 en utilisant un extrait de la source : eRecht24<\/p><\/div><\/div><\/div><\/div><\/div><\/section><\/div>\t\t\t\t\t\t\t\t<\/div>\n\t\t\t\t<\/div>\n\t\t\t\t\t<\/div>\n\t\t\t\t<\/div>\n\t\t\t\t<\/div>\n\t\t","protected":false},"excerpt":{"rendered":"<p>D\u00e9claration de confidentialit\u00e9 Protection des donn\u00e9es Schmiertechnikwerk prend tr\u00e8s au s\u00e9rieux la protection de vos donn\u00e9es personnelles. Nous traitons vos donn\u00e9es personnelles de mani\u00e8re confidentielle et conform\u00e9ment aux dispositions l\u00e9gales en mati\u00e8re de protection des donn\u00e9es et \u00e0 la pr\u00e9sente d\u00e9claration de confidentialit\u00e9. L&rsquo;utilisation de notre site web est g\u00e9n\u00e9ralement possible sans indication de donn\u00e9es [&hellip;]<\/p>\n","protected":false},"author":1,"featured_media":0,"parent":0,"menu_order":0,"comment_status":"closed","ping_status":"closed","template":"elementor_header_footer","meta":{"footnotes":""},"class_list":["post-12935","page","type-page","status-publish","hentry"],"yoast_head":"<!-- This site is optimized with the Yoast SEO plugin v27.4 - https:\/\/yoast.com\/product\/yoast-seo-wordpress\/ -->\n<title>D\u00e9claration de confidentialit\u00e9 - SchmierTec<\/title>\n<meta name=\"description\" content=\"Informez-vous sur la protection des donn\u00e9es chez Schmiertec - nous prot\u00e9geons vos donn\u00e9es personnelles de mani\u00e8re fiable.\" \/>\n<meta name=\"robots\" content=\"index, follow, max-snippet:-1, max-image-preview:large, max-video-preview:-1\" \/>\n<link rel=\"canonical\" href=\"https:\/\/schmiertec.de\/fr\/declaration-de-confidentialite\/\" \/>\n<meta property=\"og:locale\" content=\"fr_FR\" \/>\n<meta property=\"og:type\" content=\"article\" \/>\n<meta property=\"og:title\" content=\"D\u00e9claration de confidentialit\u00e9 - SchmierTec\" \/>\n<meta property=\"og:description\" content=\"Informez-vous sur la protection des donn\u00e9es chez Schmiertec - nous prot\u00e9geons vos donn\u00e9es personnelles de mani\u00e8re fiable.\" \/>\n<meta property=\"og:url\" content=\"https:\/\/schmiertec.de\/fr\/declaration-de-confidentialite\/\" \/>\n<meta property=\"og:site_name\" content=\"SchmierTec\" \/>\n<meta property=\"article:modified_time\" content=\"2026-02-10T13:48:16+00:00\" \/>\n<meta name=\"twitter:card\" content=\"summary_large_image\" \/>\n<meta name=\"twitter:label1\" content=\"Dur\u00e9e de lecture estim\u00e9e\" \/>\n\t<meta name=\"twitter:data1\" content=\"5 minutes\" \/>\n<script type=\"application\/ld+json\" class=\"yoast-schema-graph\">{\"@context\":\"https:\\\/\\\/schema.org\",\"@graph\":[{\"@type\":\"WebPage\",\"@id\":\"https:\\\/\\\/schmiertec.de\\\/fr\\\/declaration-de-confidentialite\\\/\",\"url\":\"https:\\\/\\\/schmiertec.de\\\/fr\\\/declaration-de-confidentialite\\\/\",\"name\":\"D\u00e9claration de confidentialit\u00e9 - SchmierTec\",\"isPartOf\":{\"@id\":\"https:\\\/\\\/schmiertec.de\\\/fr\\\/#website\"},\"datePublished\":\"2024-01-27T12:23:32+00:00\",\"dateModified\":\"2026-02-10T13:48:16+00:00\",\"description\":\"Informez-vous sur la protection des donn\u00e9es chez Schmiertec - nous prot\u00e9geons vos donn\u00e9es personnelles de mani\u00e8re fiable.\",\"breadcrumb\":{\"@id\":\"https:\\\/\\\/schmiertec.de\\\/fr\\\/declaration-de-confidentialite\\\/#breadcrumb\"},\"inLanguage\":\"fr-FR\",\"potentialAction\":[{\"@type\":\"ReadAction\",\"target\":[\"https:\\\/\\\/schmiertec.de\\\/fr\\\/declaration-de-confidentialite\\\/\"]}]},{\"@type\":\"BreadcrumbList\",\"@id\":\"https:\\\/\\\/schmiertec.de\\\/fr\\\/declaration-de-confidentialite\\\/#breadcrumb\",\"itemListElement\":[{\"@type\":\"ListItem\",\"position\":1,\"name\":\"Startseite\",\"item\":\"https:\\\/\\\/schmiertec.de\\\/fr\\\/accueil\\\/\"},{\"@type\":\"ListItem\",\"position\":2,\"name\":\"D\u00e9claration de confidentialit\u00e9\"}]},{\"@type\":\"WebSite\",\"@id\":\"https:\\\/\\\/schmiertec.de\\\/fr\\\/#website\",\"url\":\"https:\\\/\\\/schmiertec.de\\\/fr\\\/\",\"name\":\"SchmierTec\",\"description\":\"Kettenschmierung und Zentralschmierung\",\"publisher\":{\"@id\":\"https:\\\/\\\/schmiertec.de\\\/fr\\\/#organization\"},\"potentialAction\":[{\"@type\":\"SearchAction\",\"target\":{\"@type\":\"EntryPoint\",\"urlTemplate\":\"https:\\\/\\\/schmiertec.de\\\/fr\\\/?s={search_term_string}\"},\"query-input\":{\"@type\":\"PropertyValueSpecification\",\"valueRequired\":true,\"valueName\":\"search_term_string\"}}],\"inLanguage\":\"fr-FR\"},{\"@type\":\"Organization\",\"@id\":\"https:\\\/\\\/schmiertec.de\\\/fr\\\/#organization\",\"name\":\"STW - Kim Friedrich GmbH\",\"alternateName\":\"SchmierTec\",\"url\":\"https:\\\/\\\/schmiertec.de\\\/fr\\\/\",\"logo\":{\"@type\":\"ImageObject\",\"inLanguage\":\"fr-FR\",\"@id\":\"https:\\\/\\\/schmiertec.de\\\/fr\\\/#\\\/schema\\\/logo\\\/image\\\/\",\"url\":\"https:\\\/\\\/schmiertec.de\\\/wp-content\\\/uploads\\\/2024\\\/01\\\/Logo_Startseite.png\",\"contentUrl\":\"https:\\\/\\\/schmiertec.de\\\/wp-content\\\/uploads\\\/2024\\\/01\\\/Logo_Startseite.png\",\"width\":1700,\"height\":1701,\"caption\":\"STW - Kim Friedrich GmbH\"},\"image\":{\"@id\":\"https:\\\/\\\/schmiertec.de\\\/fr\\\/#\\\/schema\\\/logo\\\/image\\\/\"}}]}<\/script>\n<!-- \/ Yoast SEO plugin. -->","yoast_head_json":{"title":"D\u00e9claration de confidentialit\u00e9 - SchmierTec","description":"Informez-vous sur la protection des donn\u00e9es chez Schmiertec - nous prot\u00e9geons vos donn\u00e9es personnelles de mani\u00e8re fiable.","robots":{"index":"index","follow":"follow","max-snippet":"max-snippet:-1","max-image-preview":"max-image-preview:large","max-video-preview":"max-video-preview:-1"},"canonical":"https:\/\/schmiertec.de\/fr\/declaration-de-confidentialite\/","og_locale":"fr_FR","og_type":"article","og_title":"D\u00e9claration de confidentialit\u00e9 - SchmierTec","og_description":"Informez-vous sur la protection des donn\u00e9es chez Schmiertec - nous prot\u00e9geons vos donn\u00e9es personnelles de mani\u00e8re fiable.","og_url":"https:\/\/schmiertec.de\/fr\/declaration-de-confidentialite\/","og_site_name":"SchmierTec","article_modified_time":"2026-02-10T13:48:16+00:00","twitter_card":"summary_large_image","twitter_misc":{"Dur\u00e9e de lecture estim\u00e9e":"5 minutes"},"schema":{"@context":"https:\/\/schema.org","@graph":[{"@type":"WebPage","@id":"https:\/\/schmiertec.de\/fr\/declaration-de-confidentialite\/","url":"https:\/\/schmiertec.de\/fr\/declaration-de-confidentialite\/","name":"D\u00e9claration de confidentialit\u00e9 - SchmierTec","isPartOf":{"@id":"https:\/\/schmiertec.de\/fr\/#website"},"datePublished":"2024-01-27T12:23:32+00:00","dateModified":"2026-02-10T13:48:16+00:00","description":"Informez-vous sur la protection des donn\u00e9es chez Schmiertec - nous prot\u00e9geons vos donn\u00e9es personnelles de mani\u00e8re fiable.","breadcrumb":{"@id":"https:\/\/schmiertec.de\/fr\/declaration-de-confidentialite\/#breadcrumb"},"inLanguage":"fr-FR","potentialAction":[{"@type":"ReadAction","target":["https:\/\/schmiertec.de\/fr\/declaration-de-confidentialite\/"]}]},{"@type":"BreadcrumbList","@id":"https:\/\/schmiertec.de\/fr\/declaration-de-confidentialite\/#breadcrumb","itemListElement":[{"@type":"ListItem","position":1,"name":"Startseite","item":"https:\/\/schmiertec.de\/fr\/accueil\/"},{"@type":"ListItem","position":2,"name":"D\u00e9claration de confidentialit\u00e9"}]},{"@type":"WebSite","@id":"https:\/\/schmiertec.de\/fr\/#website","url":"https:\/\/schmiertec.de\/fr\/","name":"SchmierTec","description":"Kettenschmierung und Zentralschmierung","publisher":{"@id":"https:\/\/schmiertec.de\/fr\/#organization"},"potentialAction":[{"@type":"SearchAction","target":{"@type":"EntryPoint","urlTemplate":"https:\/\/schmiertec.de\/fr\/?s={search_term_string}"},"query-input":{"@type":"PropertyValueSpecification","valueRequired":true,"valueName":"search_term_string"}}],"inLanguage":"fr-FR"},{"@type":"Organization","@id":"https:\/\/schmiertec.de\/fr\/#organization","name":"STW - Kim Friedrich GmbH","alternateName":"SchmierTec","url":"https:\/\/schmiertec.de\/fr\/","logo":{"@type":"ImageObject","inLanguage":"fr-FR","@id":"https:\/\/schmiertec.de\/fr\/#\/schema\/logo\/image\/","url":"https:\/\/schmiertec.de\/wp-content\/uploads\/2024\/01\/Logo_Startseite.png","contentUrl":"https:\/\/schmiertec.de\/wp-content\/uploads\/2024\/01\/Logo_Startseite.png","width":1700,"height":1701,"caption":"STW - Kim Friedrich GmbH"},"image":{"@id":"https:\/\/schmiertec.de\/fr\/#\/schema\/logo\/image\/"}}]}},"_links":{"self":[{"href":"https:\/\/schmiertec.de\/fr\/wp-json\/wp\/v2\/pages\/12935","targetHints":{"allow":["GET"]}}],"collection":[{"href":"https:\/\/schmiertec.de\/fr\/wp-json\/wp\/v2\/pages"}],"about":[{"href":"https:\/\/schmiertec.de\/fr\/wp-json\/wp\/v2\/types\/page"}],"author":[{"embeddable":true,"href":"https:\/\/schmiertec.de\/fr\/wp-json\/wp\/v2\/users\/1"}],"replies":[{"embeddable":true,"href":"https:\/\/schmiertec.de\/fr\/wp-json\/wp\/v2\/comments?post=12935"}],"version-history":[{"count":1,"href":"https:\/\/schmiertec.de\/fr\/wp-json\/wp\/v2\/pages\/12935\/revisions"}],"predecessor-version":[{"id":12940,"href":"https:\/\/schmiertec.de\/fr\/wp-json\/wp\/v2\/pages\/12935\/revisions\/12940"}],"wp:attachment":[{"href":"https:\/\/schmiertec.de\/fr\/wp-json\/wp\/v2\/media?parent=12935"}],"curies":[{"name":"wp","href":"https:\/\/api.w.org\/{rel}","templated":true}]}}