{"id":12807,"date":"2025-05-17T15:24:30","date_gmt":"2025-05-17T13:24:30","guid":{"rendered":"https:\/\/schmiertec.de\/merci-pour-votre-commande\/"},"modified":"2026-02-10T15:46:23","modified_gmt":"2026-02-10T13:46:23","slug":"merci-pour-votre-commande","status":"publish","type":"page","link":"https:\/\/schmiertec.de\/fr\/merci-pour-votre-commande\/","title":{"rendered":"Merci pour votre commande"},"content":{"rendered":"\t\t<div data-elementor-type=\"wp-page\" data-elementor-id=\"12807\" class=\"elementor elementor-12807 elementor-6040\" data-elementor-post-type=\"page\">\n\t\t\t\t\t\t<section class=\"elementor-section elementor-top-section elementor-element elementor-element-8767588 elementor-section-boxed elementor-section-height-default elementor-section-height-default\" data-id=\"8767588\" data-element_type=\"section\" data-e-type=\"section\">\n\t\t\t\t\t\t<div class=\"elementor-container elementor-column-gap-default\">\n\t\t\t\t\t<div class=\"elementor-column elementor-col-100 elementor-top-column elementor-element elementor-element-ba59dc0\" data-id=\"ba59dc0\" data-element_type=\"column\" data-e-type=\"column\">\n\t\t\t<div class=\"elementor-widget-wrap elementor-element-populated\">\n\t\t\t\t<div class=\"elementor-element elementor-element-d969f3b e-flex e-con-boxed e-con e-parent\" data-id=\"d969f3b\" data-element_type=\"container\" data-e-type=\"container\">\n\t\t\t\t\t<div class=\"e-con-inner\">\n\t\t\t\t<div class=\"elementor-element elementor-element-8bbd811 elementor-widget elementor-widget-text-editor\" data-id=\"8bbd811\" data-element_type=\"widget\" data-e-type=\"widget\" data-widget_type=\"text-editor.default\">\n\t\t\t\t<div class=\"elementor-widget-container\">\n\t\t\t\t\t\t\t\t\t<h3>Nous vous remercions de votre commande !<\/h3><h3>Vous recevrez alors une confirmation de commande automatique et, apr\u00e8s un court d\u00e9lai de traitement, une confirmation de commande avec tous les autres d\u00e9tails.<\/h3>\t\t\t\t\t\t\t\t<\/div>\n\t\t\t\t<\/div>\n\t\t\t\t<div class=\"elementor-element elementor-element-34a536c elementor-widget elementor-widget-spacer\" data-id=\"34a536c\" data-element_type=\"widget\" data-e-type=\"widget\" data-widget_type=\"spacer.default\">\n\t\t\t\t<div class=\"elementor-widget-container\">\n\t\t\t\t\t\t\t<div class=\"elementor-spacer\">\n\t\t\t<div class=\"elementor-spacer-inner\"><\/div>\n\t\t<\/div>\n\t\t\t\t\t\t<\/div>\n\t\t\t\t<\/div>\n\t\t\t\t\t<\/div>\n\t\t\t\t<\/div>\n\t\t\t\t\t<\/div>\n\t\t<\/div>\n\t\t\t\t\t<\/div>\n\t\t<\/section>\n\t\t\t\t<\/div>\n\t\t","protected":false},"excerpt":{"rendered":"<p>Nous vous remercions de votre commande ! Vous recevrez alors une confirmation de commande automatique et, apr\u00e8s un court d\u00e9lai de traitement, une confirmation de commande avec tous les autres d\u00e9tails.<\/p>\n","protected":false},"author":5,"featured_media":0,"parent":0,"menu_order":0,"comment_status":"closed","ping_status":"closed","template":"","meta":{"footnotes":""},"class_list":["post-12807","page","type-page","status-publish","hentry"],"yoast_head":"<!-- This site is optimized with the Yoast SEO plugin v27.4 - https:\/\/yoast.com\/product\/yoast-seo-wordpress\/ -->\n<title>Merci pour votre commande - SchmierTec<\/title>\n<meta name=\"description\" content=\"Nous vous remercions de votre commande chez Schmiertec ! Nous traitons votre commande rapidement et de mani\u00e8re fiable.\" \/>\n<meta name=\"robots\" content=\"index, follow, max-snippet:-1, max-image-preview:large, max-video-preview:-1\" \/>\n<link rel=\"canonical\" href=\"https:\/\/schmiertec.de\/fr\/merci-pour-votre-commande\/\" \/>\n<meta property=\"og:locale\" content=\"fr_FR\" \/>\n<meta property=\"og:type\" content=\"article\" \/>\n<meta property=\"og:title\" content=\"Merci pour votre commande - SchmierTec\" \/>\n<meta property=\"og:description\" content=\"Nous vous remercions de votre commande chez Schmiertec ! Nous traitons votre commande rapidement et de mani\u00e8re fiable.\" \/>\n<meta property=\"og:url\" content=\"https:\/\/schmiertec.de\/fr\/merci-pour-votre-commande\/\" \/>\n<meta property=\"og:site_name\" content=\"SchmierTec\" \/>\n<meta property=\"article:modified_time\" content=\"2026-02-10T13:46:23+00:00\" \/>\n<meta name=\"twitter:card\" content=\"summary_large_image\" \/>\n<script type=\"application\/ld+json\" class=\"yoast-schema-graph\">{\"@context\":\"https:\\\/\\\/schema.org\",\"@graph\":[{\"@type\":\"WebPage\",\"@id\":\"https:\\\/\\\/schmiertec.de\\\/fr\\\/merci-pour-votre-commande\\\/\",\"url\":\"https:\\\/\\\/schmiertec.de\\\/fr\\\/merci-pour-votre-commande\\\/\",\"name\":\"Merci pour votre commande - SchmierTec\",\"isPartOf\":{\"@id\":\"https:\\\/\\\/schmiertec.de\\\/fr\\\/#website\"},\"datePublished\":\"2025-05-17T13:24:30+00:00\",\"dateModified\":\"2026-02-10T13:46:23+00:00\",\"description\":\"Nous vous remercions de votre commande chez Schmiertec ! Nous traitons votre commande rapidement et de mani\u00e8re fiable.\",\"breadcrumb\":{\"@id\":\"https:\\\/\\\/schmiertec.de\\\/fr\\\/merci-pour-votre-commande\\\/#breadcrumb\"},\"inLanguage\":\"fr-FR\",\"potentialAction\":[{\"@type\":\"ReadAction\",\"target\":[\"https:\\\/\\\/schmiertec.de\\\/fr\\\/merci-pour-votre-commande\\\/\"]}]},{\"@type\":\"BreadcrumbList\",\"@id\":\"https:\\\/\\\/schmiertec.de\\\/fr\\\/merci-pour-votre-commande\\\/#breadcrumb\",\"itemListElement\":[{\"@type\":\"ListItem\",\"position\":1,\"name\":\"Startseite\",\"item\":\"https:\\\/\\\/schmiertec.de\\\/fr\\\/accueil\\\/\"},{\"@type\":\"ListItem\",\"position\":2,\"name\":\"Merci pour votre commande\"}]},{\"@type\":\"WebSite\",\"@id\":\"https:\\\/\\\/schmiertec.de\\\/fr\\\/#website\",\"url\":\"https:\\\/\\\/schmiertec.de\\\/fr\\\/\",\"name\":\"SchmierTec\",\"description\":\"Kettenschmierung und Zentralschmierung\",\"publisher\":{\"@id\":\"https:\\\/\\\/schmiertec.de\\\/fr\\\/#organization\"},\"potentialAction\":[{\"@type\":\"SearchAction\",\"target\":{\"@type\":\"EntryPoint\",\"urlTemplate\":\"https:\\\/\\\/schmiertec.de\\\/fr\\\/?s={search_term_string}\"},\"query-input\":{\"@type\":\"PropertyValueSpecification\",\"valueRequired\":true,\"valueName\":\"search_term_string\"}}],\"inLanguage\":\"fr-FR\"},{\"@type\":\"Organization\",\"@id\":\"https:\\\/\\\/schmiertec.de\\\/fr\\\/#organization\",\"name\":\"STW - Kim Friedrich GmbH\",\"alternateName\":\"SchmierTec\",\"url\":\"https:\\\/\\\/schmiertec.de\\\/fr\\\/\",\"logo\":{\"@type\":\"ImageObject\",\"inLanguage\":\"fr-FR\",\"@id\":\"https:\\\/\\\/schmiertec.de\\\/fr\\\/#\\\/schema\\\/logo\\\/image\\\/\",\"url\":\"https:\\\/\\\/schmiertec.de\\\/wp-content\\\/uploads\\\/2024\\\/01\\\/Logo_Startseite.png\",\"contentUrl\":\"https:\\\/\\\/schmiertec.de\\\/wp-content\\\/uploads\\\/2024\\\/01\\\/Logo_Startseite.png\",\"width\":1700,\"height\":1701,\"caption\":\"STW - Kim Friedrich GmbH\"},\"image\":{\"@id\":\"https:\\\/\\\/schmiertec.de\\\/fr\\\/#\\\/schema\\\/logo\\\/image\\\/\"}}]}<\/script>\n<!-- \/ Yoast SEO plugin. -->","yoast_head_json":{"title":"Merci pour votre commande - SchmierTec","description":"Nous vous remercions de votre commande chez Schmiertec ! Nous traitons votre commande rapidement et de mani\u00e8re fiable.","robots":{"index":"index","follow":"follow","max-snippet":"max-snippet:-1","max-image-preview":"max-image-preview:large","max-video-preview":"max-video-preview:-1"},"canonical":"https:\/\/schmiertec.de\/fr\/merci-pour-votre-commande\/","og_locale":"fr_FR","og_type":"article","og_title":"Merci pour votre commande - SchmierTec","og_description":"Nous vous remercions de votre commande chez Schmiertec ! Nous traitons votre commande rapidement et de mani\u00e8re fiable.","og_url":"https:\/\/schmiertec.de\/fr\/merci-pour-votre-commande\/","og_site_name":"SchmierTec","article_modified_time":"2026-02-10T13:46:23+00:00","twitter_card":"summary_large_image","schema":{"@context":"https:\/\/schema.org","@graph":[{"@type":"WebPage","@id":"https:\/\/schmiertec.de\/fr\/merci-pour-votre-commande\/","url":"https:\/\/schmiertec.de\/fr\/merci-pour-votre-commande\/","name":"Merci pour votre commande - SchmierTec","isPartOf":{"@id":"https:\/\/schmiertec.de\/fr\/#website"},"datePublished":"2025-05-17T13:24:30+00:00","dateModified":"2026-02-10T13:46:23+00:00","description":"Nous vous remercions de votre commande chez Schmiertec ! Nous traitons votre commande rapidement et de mani\u00e8re fiable.","breadcrumb":{"@id":"https:\/\/schmiertec.de\/fr\/merci-pour-votre-commande\/#breadcrumb"},"inLanguage":"fr-FR","potentialAction":[{"@type":"ReadAction","target":["https:\/\/schmiertec.de\/fr\/merci-pour-votre-commande\/"]}]},{"@type":"BreadcrumbList","@id":"https:\/\/schmiertec.de\/fr\/merci-pour-votre-commande\/#breadcrumb","itemListElement":[{"@type":"ListItem","position":1,"name":"Startseite","item":"https:\/\/schmiertec.de\/fr\/accueil\/"},{"@type":"ListItem","position":2,"name":"Merci pour votre commande"}]},{"@type":"WebSite","@id":"https:\/\/schmiertec.de\/fr\/#website","url":"https:\/\/schmiertec.de\/fr\/","name":"SchmierTec","description":"Kettenschmierung und Zentralschmierung","publisher":{"@id":"https:\/\/schmiertec.de\/fr\/#organization"},"potentialAction":[{"@type":"SearchAction","target":{"@type":"EntryPoint","urlTemplate":"https:\/\/schmiertec.de\/fr\/?s={search_term_string}"},"query-input":{"@type":"PropertyValueSpecification","valueRequired":true,"valueName":"search_term_string"}}],"inLanguage":"fr-FR"},{"@type":"Organization","@id":"https:\/\/schmiertec.de\/fr\/#organization","name":"STW - Kim Friedrich GmbH","alternateName":"SchmierTec","url":"https:\/\/schmiertec.de\/fr\/","logo":{"@type":"ImageObject","inLanguage":"fr-FR","@id":"https:\/\/schmiertec.de\/fr\/#\/schema\/logo\/image\/","url":"https:\/\/schmiertec.de\/wp-content\/uploads\/2024\/01\/Logo_Startseite.png","contentUrl":"https:\/\/schmiertec.de\/wp-content\/uploads\/2024\/01\/Logo_Startseite.png","width":1700,"height":1701,"caption":"STW - Kim Friedrich GmbH"},"image":{"@id":"https:\/\/schmiertec.de\/fr\/#\/schema\/logo\/image\/"}}]}},"_links":{"self":[{"href":"https:\/\/schmiertec.de\/fr\/wp-json\/wp\/v2\/pages\/12807","targetHints":{"allow":["GET"]}}],"collection":[{"href":"https:\/\/schmiertec.de\/fr\/wp-json\/wp\/v2\/pages"}],"about":[{"href":"https:\/\/schmiertec.de\/fr\/wp-json\/wp\/v2\/types\/page"}],"author":[{"embeddable":true,"href":"https:\/\/schmiertec.de\/fr\/wp-json\/wp\/v2\/users\/5"}],"replies":[{"embeddable":true,"href":"https:\/\/schmiertec.de\/fr\/wp-json\/wp\/v2\/comments?post=12807"}],"version-history":[{"count":1,"href":"https:\/\/schmiertec.de\/fr\/wp-json\/wp\/v2\/pages\/12807\/revisions"}],"predecessor-version":[{"id":12814,"href":"https:\/\/schmiertec.de\/fr\/wp-json\/wp\/v2\/pages\/12807\/revisions\/12814"}],"wp:attachment":[{"href":"https:\/\/schmiertec.de\/fr\/wp-json\/wp\/v2\/media?parent=12807"}],"curies":[{"name":"wp","href":"https:\/\/api.w.org\/{rel}","templated":true}]}}